{"id":960,"date":"2022-10-12T11:35:08","date_gmt":"2022-10-12T11:35:08","guid":{"rendered":"https:\/\/dijon.apbg.org\/?page_id=960"},"modified":"2026-02-10T10:06:43","modified_gmt":"2026-02-10T09:06:43","slug":"retour-sur-la-sortie-vins-et-tanins-avec-marc-andre-selosse-25-mai-2022","status":"publish","type":"page","link":"https:\/\/dijon.apbg.fr\/index.php\/sorties-de-la-regionale-2\/sorties-de-la-regionale\/sorties-activites-2022\/retour-sur-la-sortie-vins-et-tanins-avec-marc-andre-selosse-25-mai-2022\/","title":{"rendered":"Retour sur la sortie \u00ab\u00a0vins et tanins\u00a0\u00bb avec Marc Andr\u00e9 Selosse &#8211; 25 mai 2022"},"content":{"rendered":"\n<p>Un bon moment pass\u00e9 en compagnie de Marc-Andr\u00e9 Selosse, \u00e0 Marsannay au domaine de Sylvain Pataille : des explications sur la vigne, sur sa physiologie, son histoire, sa culture, son \u00e9volution &#8230;<\/p>\n\n\n\n<p>&#8230; Apr\u00e8s midi sur le terrain suivi d&rsquo;une d\u00e9gustation dans la cave de Sylvain Pataille : explications sur le lien entre c\u00e9pages, sol, \u00e2ge, orientation &#8230;<\/p>\n\n\n\n<p>Et \u00e0 18h30, conf\u00e9rence sur les tannins \u00e0 l&rsquo;Ub : une mine d&rsquo;infos, tout un auditoire \u00e0 l&rsquo;\u00e9coute ! Quelques privil\u00e9gi\u00e9s se sont ensuite retrouv\u00e9s au restaurant pour clore cette belle journ\u00e9e &#8230; <\/p>\n\n\n\n<p>Merci \u00e0 Marc Andr\u00e9 Selosse et \u00e0 Christophe Miguet, \u00e0 l&rsquo;origine de ces rencontres ( pr\u00e9vue depuis novembre 2019 et remises pour cause de COVID) !!<\/p>\n\n\n\n<figure class=\"wp-block-gallery has-nested-images columns-default is-cropped wp-block-gallery-1 is-layout-flex wp-block-gallery-is-layout-flex\">\n<figure class=\"wp-block-image size-medium\"><a href=\"https:\/\/dijon.apbg.fr\/wp-content\/uploads\/2026\/02\/vigne-Selosse.jpg\"><img loading=\"lazy\" decoding=\"async\" width=\"300\" height=\"169\" data-id=\"134\" src=\"https:\/\/dijon.apbg.fr\/wp-content\/uploads\/2026\/02\/vigne-Selosse-300x169.jpg\" alt=\"\" class=\"wp-image-134\" srcset=\"https:\/\/dijon.apbg.fr\/wp-content\/uploads\/2026\/02\/vigne-Selosse-300x169.jpg 300w, https:\/\/dijon.apbg.fr\/wp-content\/uploads\/2026\/02\/vigne-Selosse.jpg 600w\" sizes=\"auto, (max-width: 300px) 100vw, 300px\" \/><\/a><\/figure>\n\n\n\n<figure class=\"wp-block-image size-medium\"><a href=\"https:\/\/dijon.apbg.fr\/wp-content\/uploads\/2026\/02\/vigne-APBG.jpg\"><img loading=\"lazy\" decoding=\"async\" width=\"300\" height=\"169\" data-id=\"133\" src=\"https:\/\/dijon.apbg.fr\/wp-content\/uploads\/2026\/02\/vigne-APBG-300x169.jpg\" alt=\"\" class=\"wp-image-133\" srcset=\"https:\/\/dijon.apbg.fr\/wp-content\/uploads\/2026\/02\/vigne-APBG-300x169.jpg 300w, https:\/\/dijon.apbg.fr\/wp-content\/uploads\/2026\/02\/vigne-APBG.jpg 600w\" sizes=\"auto, (max-width: 300px) 100vw, 300px\" \/><\/a><\/figure>\n\n\n\n<figure class=\"wp-block-image size-medium\"><a href=\"https:\/\/dijon.apbg.fr\/wp-content\/uploads\/2026\/02\/Pataille.jpg\"><img loading=\"lazy\" decoding=\"async\" width=\"300\" height=\"225\" data-id=\"104\" src=\"https:\/\/dijon.apbg.fr\/wp-content\/uploads\/2026\/02\/Pataille-300x225.jpg\" alt=\"\" class=\"wp-image-104\" srcset=\"https:\/\/dijon.apbg.fr\/wp-content\/uploads\/2026\/02\/Pataille-300x225.jpg 300w, https:\/\/dijon.apbg.fr\/wp-content\/uploads\/2026\/02\/Pataille.jpg 720w\" sizes=\"auto, (max-width: 300px) 100vw, 300px\" \/><\/a><\/figure>\n<\/figure>\n\n\n\n<figure class=\"wp-block-image aligncenter size-medium\"><a href=\"https:\/\/dijon.apbg.fr\/wp-content\/uploads\/2026\/02\/fac-Selosse.jpg\"><img loading=\"lazy\" decoding=\"async\" width=\"300\" height=\"169\" src=\"https:\/\/dijon.apbg.fr\/wp-content\/uploads\/2026\/02\/fac-Selosse-300x169.jpg\" alt=\"\" class=\"wp-image-70\" srcset=\"https:\/\/dijon.apbg.fr\/wp-content\/uploads\/2026\/02\/fac-Selosse-300x169.jpg 300w, https:\/\/dijon.apbg.fr\/wp-content\/uploads\/2026\/02\/fac-Selosse-768x432.jpg 768w, https:\/\/dijon.apbg.fr\/wp-content\/uploads\/2026\/02\/fac-Selosse.jpg 960w\" sizes=\"auto, (max-width: 300px) 100vw, 300px\" \/><\/a><\/figure>\n","protected":false},"excerpt":{"rendered":"<p>Un bon moment pass\u00e9 en compagnie de Marc-Andr\u00e9 Selosse, \u00e0 Marsannay au domaine de Sylvain Pataille : des explications sur<\/p>\n","protected":false},"author":1,"featured_media":0,"parent":952,"menu_order":0,"comment_status":"closed","ping_status":"closed","template":"","meta":{"colormag_page_container_layout":"default_layout","colormag_page_sidebar_layout":"default_layout","footnotes":""},"class_list":["post-960","page","type-page","status-publish","hentry"],"_links":{"self":[{"href":"https:\/\/dijon.apbg.fr\/index.php\/wp-json\/wp\/v2\/pages\/960","targetHints":{"allow":["GET"]}}],"collection":[{"href":"https:\/\/dijon.apbg.fr\/index.php\/wp-json\/wp\/v2\/pages"}],"about":[{"href":"https:\/\/dijon.apbg.fr\/index.php\/wp-json\/wp\/v2\/types\/page"}],"author":[{"embeddable":true,"href":"https:\/\/dijon.apbg.fr\/index.php\/wp-json\/wp\/v2\/users\/1"}],"replies":[{"embeddable":true,"href":"https:\/\/dijon.apbg.fr\/index.php\/wp-json\/wp\/v2\/comments?post=960"}],"version-history":[{"count":1,"href":"https:\/\/dijon.apbg.fr\/index.php\/wp-json\/wp\/v2\/pages\/960\/revisions"}],"predecessor-version":[{"id":1038,"href":"https:\/\/dijon.apbg.fr\/index.php\/wp-json\/wp\/v2\/pages\/960\/revisions\/1038"}],"up":[{"embeddable":true,"href":"https:\/\/dijon.apbg.fr\/index.php\/wp-json\/wp\/v2\/pages\/952"}],"wp:attachment":[{"href":"https:\/\/dijon.apbg.fr\/index.php\/wp-json\/wp\/v2\/media?parent=960"}],"curies":[{"name":"wp","href":"https:\/\/api.w.org\/{rel}","templated":true}]}}