{"id":954,"date":"2022-10-12T10:49:59","date_gmt":"2022-10-12T10:49:59","guid":{"rendered":"https:\/\/dijon.apbg.org\/?page_id=954"},"modified":"2026-02-10T10:07:28","modified_gmt":"2026-02-10T09:07:28","slug":"retour-sur-la-sortie-les-jeunes-volcans-du-bas-vivarais-ardeche-du-26-au-28-aout-2022","status":"publish","type":"page","link":"https:\/\/dijon.apbg.fr\/index.php\/sorties-de-la-regionale-2\/sorties-de-la-regionale\/sorties-activites-2022\/retour-sur-la-sortie-les-jeunes-volcans-du-bas-vivarais-ardeche-du-26-au-28-aout-2022\/","title":{"rendered":"Retour sur la sortie \u00ab\u00a0Les jeunes volcans du Bas-Vivarais &#8211; Ard\u00e8che\u00a0\u00bb du 26 au 28 ao\u00fbt 2022"},"content":{"rendered":"\n<p>18 adh\u00e9rents de la r\u00e9gionale de Dijon sont partis sur les traces de volcanismes anciens beaucoup moins connus que leurs voisins de la cha\u00eene des Puys .<\/p>\n\n\n\n<p>L\u2019occasion de d\u00e9couvrir le site de Jaujac, la magnifique cascade du Ray-Pic et ses orgues basaltiques, le lac d\u2019Issarl\u00e8s et sa forme typique du phr\u00e9atomagmatisme, le volcan de Cherchemuse \u2026<\/p>\n\n\n\n<p>Un superbe s\u00e9jour, dans une r\u00e9gion magnifique et des guides au top !!<\/p>\n\n\n\n<figure class=\"wp-block-gallery has-nested-images columns-default is-cropped wp-block-gallery-1 is-layout-flex wp-block-gallery-is-layout-flex\">\n<figure class=\"wp-block-image size-medium\"><a href=\"https:\/\/dijon.apbg.fr\/wp-content\/uploads\/2026\/02\/coulee-basaltique-Jaujac.jpg\"><img loading=\"lazy\" decoding=\"async\" width=\"300\" height=\"235\" data-id=\"51\" src=\"https:\/\/dijon.apbg.fr\/wp-content\/uploads\/2026\/02\/coulee-basaltique-Jaujac-300x235.jpg\" alt=\"\" class=\"wp-image-51\" srcset=\"https:\/\/dijon.apbg.fr\/wp-content\/uploads\/2026\/02\/coulee-basaltique-Jaujac-300x235.jpg 300w, https:\/\/dijon.apbg.fr\/wp-content\/uploads\/2026\/02\/coulee-basaltique-Jaujac.jpg 600w\" sizes=\"auto, (max-width: 300px) 100vw, 300px\" \/><\/a><figcaption class=\"wp-element-caption\">coul\u00e9e basaltique de Jaujac<\/figcaption><\/figure>\n\n\n\n<figure class=\"wp-block-image size-medium\"><a href=\"https:\/\/dijon.apbg.fr\/wp-content\/uploads\/2026\/02\/coulee-du-Ray-Pic.jpg\"><img loading=\"lazy\" decoding=\"async\" width=\"300\" height=\"169\" data-id=\"53\" src=\"https:\/\/dijon.apbg.fr\/wp-content\/uploads\/2026\/02\/coulee-du-Ray-Pic-300x169.jpg\" alt=\"\" class=\"wp-image-53\" srcset=\"https:\/\/dijon.apbg.fr\/wp-content\/uploads\/2026\/02\/coulee-du-Ray-Pic-300x169.jpg 300w, https:\/\/dijon.apbg.fr\/wp-content\/uploads\/2026\/02\/coulee-du-Ray-Pic.jpg 600w\" sizes=\"auto, (max-width: 300px) 100vw, 300px\" \/><\/a><figcaption class=\"wp-element-caption\">coul\u00e9e de Ray-Pic<\/figcaption><\/figure>\n<\/figure>\n\n\n\n<figure class=\"wp-block-image aligncenter size-medium\"><a href=\"https:\/\/dijon.apbg.fr\/wp-content\/uploads\/2026\/02\/groupe-APBG-1.jpg\"><img loading=\"lazy\" decoding=\"async\" width=\"300\" height=\"225\" src=\"https:\/\/dijon.apbg.fr\/wp-content\/uploads\/2026\/02\/groupe-APBG-1-300x225.jpg\" alt=\"\" class=\"wp-image-76\" srcset=\"https:\/\/dijon.apbg.fr\/wp-content\/uploads\/2026\/02\/groupe-APBG-1-300x225.jpg 300w, https:\/\/dijon.apbg.fr\/wp-content\/uploads\/2026\/02\/groupe-APBG-1.jpg 600w\" sizes=\"auto, (max-width: 300px) 100vw, 300px\" \/><\/a><\/figure>\n","protected":false},"excerpt":{"rendered":"<p>18 adh\u00e9rents de la r\u00e9gionale de Dijon sont partis sur les traces de volcanismes anciens beaucoup moins connus que leurs<\/p>\n","protected":false},"author":1,"featured_media":0,"parent":952,"menu_order":0,"comment_status":"closed","ping_status":"closed","template":"","meta":{"colormag_page_container_layout":"default_layout","colormag_page_sidebar_layout":"default_layout","footnotes":""},"class_list":["post-954","page","type-page","status-publish","hentry"],"_links":{"self":[{"href":"https:\/\/dijon.apbg.fr\/index.php\/wp-json\/wp\/v2\/pages\/954","targetHints":{"allow":["GET"]}}],"collection":[{"href":"https:\/\/dijon.apbg.fr\/index.php\/wp-json\/wp\/v2\/pages"}],"about":[{"href":"https:\/\/dijon.apbg.fr\/index.php\/wp-json\/wp\/v2\/types\/page"}],"author":[{"embeddable":true,"href":"https:\/\/dijon.apbg.fr\/index.php\/wp-json\/wp\/v2\/users\/1"}],"replies":[{"embeddable":true,"href":"https:\/\/dijon.apbg.fr\/index.php\/wp-json\/wp\/v2\/comments?post=954"}],"version-history":[{"count":1,"href":"https:\/\/dijon.apbg.fr\/index.php\/wp-json\/wp\/v2\/pages\/954\/revisions"}],"predecessor-version":[{"id":1039,"href":"https:\/\/dijon.apbg.fr\/index.php\/wp-json\/wp\/v2\/pages\/954\/revisions\/1039"}],"up":[{"embeddable":true,"href":"https:\/\/dijon.apbg.fr\/index.php\/wp-json\/wp\/v2\/pages\/952"}],"wp:attachment":[{"href":"https:\/\/dijon.apbg.fr\/index.php\/wp-json\/wp\/v2\/media?parent=954"}],"curies":[{"name":"wp","href":"https:\/\/api.w.org\/{rel}","templated":true}]}}