{"id":924,"date":"2021-10-29T11:45:35","date_gmt":"2021-10-29T11:45:35","guid":{"rendered":"https:\/\/dijon.apbg.org\/?page_id=924"},"modified":"2026-02-10T10:07:57","modified_gmt":"2026-02-10T09:07:57","slug":"plantations-de-haies-chez-alain-ronot-28-10-2021","status":"publish","type":"page","link":"https:\/\/dijon.apbg.fr\/index.php\/sorties-de-la-regionale-2\/sorties-de-la-regionale\/sorties-activites-2021\/plantations-de-haies-chez-alain-ronot-28-10-2021\/","title":{"rendered":"Plantations de haies chez Alain Ronot 28\/10\/2021"},"content":{"rendered":"\n<p> Ce jeudi 28 octobre la r\u00e9gionale de Dijon s&rsquo;est rendue chez Alain Ronot \u00e0 Chazeuil pour de nouvelles plantations de haies. Ces haies vont permettre d&rsquo;isoler les cultures en bio des champs en agriculture conventionnelle et de favoriser la biodiversit\u00e9 sur ces m\u00eames parcelles&#8230; <\/p>\n\n\n\n<p>Malgr\u00e9 le brouillard du matin, l&rsquo;ambiance \u00e9tait au beau fixe et c&rsquo;est finalement sous un beau soleil que la mission s&rsquo;est termin\u00e9e !<\/p>\n\n\n\n<div class=\"wp-block-columns is-layout-flex wp-container-core-columns-is-layout-28f84493 wp-block-columns-is-layout-flex\">\n<div class=\"wp-block-column is-layout-flow wp-block-column-is-layout-flow\">\n<figure class=\"wp-block-image size-large\"><a href=\"https:\/\/dijon.apbg.fr\/wp-content\/uploads\/2026\/02\/IMG-20211028-WA0003-1.jpg\"><img loading=\"lazy\" decoding=\"async\" width=\"1024\" height=\"576\" src=\"https:\/\/dijon.apbg.fr\/wp-content\/uploads\/2026\/02\/IMG-20211028-WA0003-1-1024x576.jpg\" alt=\"\" class=\"wp-image-81\" srcset=\"https:\/\/dijon.apbg.fr\/wp-content\/uploads\/2026\/02\/IMG-20211028-WA0003-1-1024x576.jpg 1024w, https:\/\/dijon.apbg.fr\/wp-content\/uploads\/2026\/02\/IMG-20211028-WA0003-1-300x169.jpg 300w, https:\/\/dijon.apbg.fr\/wp-content\/uploads\/2026\/02\/IMG-20211028-WA0003-1-768x432.jpg 768w, https:\/\/dijon.apbg.fr\/wp-content\/uploads\/2026\/02\/IMG-20211028-WA0003-1-1536x864.jpg 1536w, https:\/\/dijon.apbg.fr\/wp-content\/uploads\/2026\/02\/IMG-20211028-WA0003-1.jpg 1600w\" sizes=\"auto, (max-width: 1024px) 100vw, 1024px\" \/><\/a><\/figure>\n<\/div>\n\n\n\n<div class=\"wp-block-column is-layout-flow wp-block-column-is-layout-flow\">\n<figure class=\"wp-block-image size-large\"><a href=\"https:\/\/dijon.apbg.fr\/wp-content\/uploads\/2026\/02\/IMG-20211028-WA0007-1.jpg\"><img loading=\"lazy\" decoding=\"async\" width=\"1024\" height=\"576\" src=\"https:\/\/dijon.apbg.fr\/wp-content\/uploads\/2026\/02\/IMG-20211028-WA0007-1-1024x576.jpg\" alt=\"\" class=\"wp-image-87\" srcset=\"https:\/\/dijon.apbg.fr\/wp-content\/uploads\/2026\/02\/IMG-20211028-WA0007-1-1024x576.jpg 1024w, https:\/\/dijon.apbg.fr\/wp-content\/uploads\/2026\/02\/IMG-20211028-WA0007-1-300x169.jpg 300w, https:\/\/dijon.apbg.fr\/wp-content\/uploads\/2026\/02\/IMG-20211028-WA0007-1-768x432.jpg 768w, https:\/\/dijon.apbg.fr\/wp-content\/uploads\/2026\/02\/IMG-20211028-WA0007-1-1536x864.jpg 1536w, https:\/\/dijon.apbg.fr\/wp-content\/uploads\/2026\/02\/IMG-20211028-WA0007-1.jpg 1600w\" sizes=\"auto, (max-width: 1024px) 100vw, 1024px\" \/><\/a><\/figure>\n<\/div>\n\n\n\n<div class=\"wp-block-column is-layout-flow wp-block-column-is-layout-flow\">\n<figure class=\"wp-block-image size-large\"><a href=\"https:\/\/dijon.apbg.fr\/wp-content\/uploads\/2026\/02\/IMG-20211028-WA0006-2.jpg\"><img loading=\"lazy\" decoding=\"async\" width=\"1024\" height=\"576\" src=\"https:\/\/dijon.apbg.fr\/wp-content\/uploads\/2026\/02\/IMG-20211028-WA0006-2-1024x576.jpg\" alt=\"\" class=\"wp-image-85\" srcset=\"https:\/\/dijon.apbg.fr\/wp-content\/uploads\/2026\/02\/IMG-20211028-WA0006-2-1024x576.jpg 1024w, https:\/\/dijon.apbg.fr\/wp-content\/uploads\/2026\/02\/IMG-20211028-WA0006-2-300x169.jpg 300w, https:\/\/dijon.apbg.fr\/wp-content\/uploads\/2026\/02\/IMG-20211028-WA0006-2-768x432.jpg 768w, https:\/\/dijon.apbg.fr\/wp-content\/uploads\/2026\/02\/IMG-20211028-WA0006-2-1536x864.jpg 1536w, https:\/\/dijon.apbg.fr\/wp-content\/uploads\/2026\/02\/IMG-20211028-WA0006-2.jpg 1600w\" sizes=\"auto, (max-width: 1024px) 100vw, 1024px\" \/><\/a><\/figure>\n<\/div>\n<\/div>\n","protected":false},"excerpt":{"rendered":"<p>Ce jeudi 28 octobre la r\u00e9gionale de Dijon s&rsquo;est rendue chez Alain Ronot \u00e0 Chazeuil pour de nouvelles plantations de<\/p>\n","protected":false},"author":1,"featured_media":0,"parent":967,"menu_order":0,"comment_status":"closed","ping_status":"closed","template":"","meta":{"colormag_page_container_layout":"default_layout","colormag_page_sidebar_layout":"default_layout","footnotes":""},"class_list":["post-924","page","type-page","status-publish","hentry"],"_links":{"self":[{"href":"https:\/\/dijon.apbg.fr\/index.php\/wp-json\/wp\/v2\/pages\/924","targetHints":{"allow":["GET"]}}],"collection":[{"href":"https:\/\/dijon.apbg.fr\/index.php\/wp-json\/wp\/v2\/pages"}],"about":[{"href":"https:\/\/dijon.apbg.fr\/index.php\/wp-json\/wp\/v2\/types\/page"}],"author":[{"embeddable":true,"href":"https:\/\/dijon.apbg.fr\/index.php\/wp-json\/wp\/v2\/users\/1"}],"replies":[{"embeddable":true,"href":"https:\/\/dijon.apbg.fr\/index.php\/wp-json\/wp\/v2\/comments?post=924"}],"version-history":[{"count":1,"href":"https:\/\/dijon.apbg.fr\/index.php\/wp-json\/wp\/v2\/pages\/924\/revisions"}],"predecessor-version":[{"id":1040,"href":"https:\/\/dijon.apbg.fr\/index.php\/wp-json\/wp\/v2\/pages\/924\/revisions\/1040"}],"up":[{"embeddable":true,"href":"https:\/\/dijon.apbg.fr\/index.php\/wp-json\/wp\/v2\/pages\/967"}],"wp:attachment":[{"href":"https:\/\/dijon.apbg.fr\/index.php\/wp-json\/wp\/v2\/media?parent=924"}],"curies":[{"name":"wp","href":"https:\/\/api.w.org\/{rel}","templated":true}]}}