{"id":838,"date":"2019-10-29T11:07:21","date_gmt":"2019-10-29T11:07:21","guid":{"rendered":"http:\/\/dijon.apbg.org\/?page_id=838"},"modified":"2026-02-10T10:13:24","modified_gmt":"2026-02-10T09:13:24","slug":"sortie-digne-les-bains-24-au-26-08-2019","status":"publish","type":"page","link":"https:\/\/dijon.apbg.fr\/index.php\/sorties-de-la-regionale-2\/sorties-de-la-regionale\/sorties-2019\/sortie-digne-les-bains-24-au-26-08-2019\/","title":{"rendered":"Sortie g\u00e9ologique Digne les Bains &#8211; 24 au 26\/08\/2019"},"content":{"rendered":"\n<h3 class=\"wp-block-heading\"><strong>Excursion APBG R\u00e9gionale Dijon \u2013Digne les Bains<\/strong><\/h3>\n\n\n\n<p><strong>Samedi 24, dimanche 25 et lundi 26 Ao\u00fbt 2019<\/strong><\/p>\n\n\n\n<p><strong>Organisation : Philippe AMIOTTE-SUCHET, Jean-Fran\u00e7ois DECONINCK<\/strong><\/p>\n\n\n\n<p>La r\u00e9gion de Digne-les Bains pr\u00e9sente un patrimoine g\u00e9ologique incroyablement original, riche et vari\u00e9. Ce patrimoine est pr\u00e9serv\u00e9 depuis 1984 par l\u2019interm\u00e9diaire de l\u2019une des premi\u00e8res R\u00e9serves Naturelles G\u00e9ologiques de France. Elle est aujourd\u2019hui au c\u0153ur du \u00abGeopark Unesco\u00bb de Haute-Provence.<\/p>\n\n\n\n<p>L\u2019objectif de cette excursion g\u00e9ologique \u00e9tait de pr\u00e9senter les grands traits de l\u2019histoire g\u00e9ologique des Alpes m\u00e9ridionales gr\u00e2ce \u00e0 la visite de sites situ\u00e9s principalement dans la vall\u00e9e du B\u00e8s.<\/p>\n\n\n\n<p>Au cours de ces 3 jours ensoleill\u00e9s et conviviaux, nous avons pu d\u00e9couvrir :<\/p>\n\n\n\n<ul class=\"wp-block-list\">\n<li>\u00a0une s\u00e9rie s\u00e9dimentaire affleurante aux faci\u00e8s vari\u00e9s du carbonif\u00e8re \u00e0 la fin du tertiaire, pliss\u00e9e, parfois renvers\u00e9e ;<\/li>\n\n\n\n<li>de nombreux sites fossilif\u00e8res remarquables dont la mondialement connue \u00abDalle \u00e0 ammonites\u00bb;<\/li>\n\n\n\n<li>des structures tectoniques exceptionnelles (dont la semelle de la nappe de Digne) visibles \u00e0 toutes les \u00e9chelles d\u2019un paysage somptueux.<\/li>\n<\/ul>\n\n\n\n<p>Merci \u00e0 Jean Francois Deconinck et Philippe Amiotte Suchet, de l&rsquo;Ub pour toutes ces explications g\u00e9ologiques !<\/p>\n\n\n\n<p>Cliquez sur le lien ci-contre pour acc\u00e9der \u00e0 la fiche sortie : <a href=\"https:\/\/dijon.apbg.fr\/wp-content\/uploads\/2026\/02\/sortie-Digne-Aout-2019-2.pdf\" data-type=\"attachment\" data-id=\"127\" target=\"_blank\" rel=\"noreferrer noopener\">https:\/\/dijon.apbg.fr\/wp-content\/uploads\/2026\/02\/sortie-Digne-Aout-2019-2.pdf<\/a><\/p>\n\n\n\n<figure class=\"wp-block-image alignleft size-large is-resized\"><a href=\"https:\/\/dijon.apbg.fr\/wp-content\/uploads\/2026\/02\/SDC14237-scaled.jpg\"><img loading=\"lazy\" decoding=\"async\" width=\"1024\" height=\"768\" src=\"https:\/\/dijon.apbg.fr\/wp-content\/uploads\/2026\/02\/SDC14237-1024x768.jpg\" alt=\"\" class=\"wp-image-123\" style=\"width:151px;height:auto\" srcset=\"https:\/\/dijon.apbg.fr\/wp-content\/uploads\/2026\/02\/SDC14237-1024x768.jpg 1024w, https:\/\/dijon.apbg.fr\/wp-content\/uploads\/2026\/02\/SDC14237-300x225.jpg 300w, https:\/\/dijon.apbg.fr\/wp-content\/uploads\/2026\/02\/SDC14237-768x576.jpg 768w, https:\/\/dijon.apbg.fr\/wp-content\/uploads\/2026\/02\/SDC14237-1536x1152.jpg 1536w, https:\/\/dijon.apbg.fr\/wp-content\/uploads\/2026\/02\/SDC14237-2048x1536.jpg 2048w\" sizes=\"auto, (max-width: 1024px) 100vw, 1024px\" \/><\/a><\/figure>\n\n\n\n<figure class=\"wp-block-image alignleft size-large is-resized\"><a href=\"https:\/\/dijon.apbg.fr\/wp-content\/uploads\/2026\/02\/SDC14247-scaled.jpg\"><img loading=\"lazy\" decoding=\"async\" width=\"1024\" height=\"768\" src=\"https:\/\/dijon.apbg.fr\/wp-content\/uploads\/2026\/02\/SDC14247-1024x768.jpg\" alt=\"\" class=\"wp-image-124\" style=\"width:189px;height:auto\" srcset=\"https:\/\/dijon.apbg.fr\/wp-content\/uploads\/2026\/02\/SDC14247-1024x768.jpg 1024w, https:\/\/dijon.apbg.fr\/wp-content\/uploads\/2026\/02\/SDC14247-300x225.jpg 300w, https:\/\/dijon.apbg.fr\/wp-content\/uploads\/2026\/02\/SDC14247-768x576.jpg 768w, https:\/\/dijon.apbg.fr\/wp-content\/uploads\/2026\/02\/SDC14247-1536x1152.jpg 1536w, https:\/\/dijon.apbg.fr\/wp-content\/uploads\/2026\/02\/SDC14247-2048x1536.jpg 2048w\" sizes=\"auto, (max-width: 1024px) 100vw, 1024px\" \/><\/a><\/figure>\n\n\n\n<figure class=\"wp-block-image alignleft\"><a href=\"http:\/\/dijon.apbg.org\/files\/2019\/09\/SDC14252.jpg\"><img decoding=\"async\" src=\"http:\/\/dijon.apbg.org\/files\/2019\/09\/SDC14252-150x150.jpg\" alt=\"\" class=\"wp-image-780\"\/><\/a><\/figure>\n\n\n\n<figure class=\"wp-block-image alignleft size-large is-resized\"><a href=\"https:\/\/dijon.apbg.fr\/wp-content\/uploads\/2026\/02\/SDC14192-scaled.jpg\"><img loading=\"lazy\" decoding=\"async\" width=\"1024\" height=\"768\" src=\"https:\/\/dijon.apbg.fr\/wp-content\/uploads\/2026\/02\/SDC14192-1024x768.jpg\" alt=\"\" class=\"wp-image-122\" style=\"width:173px;height:auto\" srcset=\"https:\/\/dijon.apbg.fr\/wp-content\/uploads\/2026\/02\/SDC14192-1024x768.jpg 1024w, https:\/\/dijon.apbg.fr\/wp-content\/uploads\/2026\/02\/SDC14192-300x225.jpg 300w, https:\/\/dijon.apbg.fr\/wp-content\/uploads\/2026\/02\/SDC14192-768x576.jpg 768w, https:\/\/dijon.apbg.fr\/wp-content\/uploads\/2026\/02\/SDC14192-1536x1152.jpg 1536w, https:\/\/dijon.apbg.fr\/wp-content\/uploads\/2026\/02\/SDC14192-2048x1536.jpg 2048w\" sizes=\"auto, (max-width: 1024px) 100vw, 1024px\" \/><\/a><\/figure>\n\n\n\n<figure class=\"wp-block-image alignleft size-large is-resized\"><a href=\"https:\/\/dijon.apbg.fr\/wp-content\/uploads\/2026\/02\/SDC14315-scaled.jpg\"><img loading=\"lazy\" decoding=\"async\" width=\"1024\" height=\"768\" src=\"https:\/\/dijon.apbg.fr\/wp-content\/uploads\/2026\/02\/SDC14315-1024x768.jpg\" alt=\"\" class=\"wp-image-126\" style=\"width:211px;height:auto\" srcset=\"https:\/\/dijon.apbg.fr\/wp-content\/uploads\/2026\/02\/SDC14315-1024x768.jpg 1024w, https:\/\/dijon.apbg.fr\/wp-content\/uploads\/2026\/02\/SDC14315-300x225.jpg 300w, https:\/\/dijon.apbg.fr\/wp-content\/uploads\/2026\/02\/SDC14315-768x576.jpg 768w, https:\/\/dijon.apbg.fr\/wp-content\/uploads\/2026\/02\/SDC14315-1536x1152.jpg 1536w, https:\/\/dijon.apbg.fr\/wp-content\/uploads\/2026\/02\/SDC14315-2048x1536.jpg 2048w\" sizes=\"auto, (max-width: 1024px) 100vw, 1024px\" \/><\/a><\/figure>\n\n\n\n<p>&nbsp;<\/p>\n\n\n\n<p>&nbsp;<\/p>\n\n\n\n<p>&nbsp;<\/p>\n\n\n\n<p>&nbsp;<\/p>\n\n\n\n<p>&nbsp;<\/p>\n","protected":false},"excerpt":{"rendered":"<p>Excursion APBG R\u00e9gionale Dijon \u2013Digne les Bains Samedi 24, dimanche 25 et lundi 26 Ao\u00fbt 2019 Organisation : Philippe AMIOTTE-SUCHET,<\/p>\n","protected":false},"author":1,"featured_media":0,"parent":788,"menu_order":0,"comment_status":"closed","ping_status":"closed","template":"","meta":{"colormag_page_container_layout":"default_layout","colormag_page_sidebar_layout":"default_layout","footnotes":""},"class_list":["post-838","page","type-page","status-publish","hentry"],"_links":{"self":[{"href":"https:\/\/dijon.apbg.fr\/index.php\/wp-json\/wp\/v2\/pages\/838","targetHints":{"allow":["GET"]}}],"collection":[{"href":"https:\/\/dijon.apbg.fr\/index.php\/wp-json\/wp\/v2\/pages"}],"about":[{"href":"https:\/\/dijon.apbg.fr\/index.php\/wp-json\/wp\/v2\/types\/page"}],"author":[{"embeddable":true,"href":"https:\/\/dijon.apbg.fr\/index.php\/wp-json\/wp\/v2\/users\/1"}],"replies":[{"embeddable":true,"href":"https:\/\/dijon.apbg.fr\/index.php\/wp-json\/wp\/v2\/comments?post=838"}],"version-history":[{"count":2,"href":"https:\/\/dijon.apbg.fr\/index.php\/wp-json\/wp\/v2\/pages\/838\/revisions"}],"predecessor-version":[{"id":1044,"href":"https:\/\/dijon.apbg.fr\/index.php\/wp-json\/wp\/v2\/pages\/838\/revisions\/1044"}],"up":[{"embeddable":true,"href":"https:\/\/dijon.apbg.fr\/index.php\/wp-json\/wp\/v2\/pages\/788"}],"wp:attachment":[{"href":"https:\/\/dijon.apbg.fr\/index.php\/wp-json\/wp\/v2\/media?parent=838"}],"curies":[{"name":"wp","href":"https:\/\/api.w.org\/{rel}","templated":true}]}}