{"id":834,"date":"2019-10-29T11:01:24","date_gmt":"2019-10-29T11:01:24","guid":{"rendered":"http:\/\/dijon.apbg.org\/?page_id=834"},"modified":"2026-02-10T10:09:52","modified_gmt":"2026-02-10T09:09:52","slug":"sortie-ornithologique-avec-la-lpo-24-10-2019","status":"publish","type":"page","link":"https:\/\/dijon.apbg.fr\/index.php\/sorties-de-la-regionale-2\/sorties-de-la-regionale\/sorties-2019\/sortie-ornithologique-avec-la-lpo-24-10-2019\/","title":{"rendered":"Sortie ornithologique avec la LPO &#8211; 24\/10\/2019"},"content":{"rendered":"\n<p>Cliquez sur le lien ci-dessous pour acc\u00e9der \u00e0 la fiche de la sortie ornithologique avec la LPO C\u00f4te d&rsquo;Or et Sa\u00f4ne et Loire<\/p>\n\n\n\n<p><a href=\"https:\/\/dijon.apbg.fr\/wp-content\/uploads\/2026\/02\/Sortie-LPO-24_10_19.pdf\" data-type=\"attachment\" data-id=\"129\">Sortie LPO 24_10_19<\/a><\/p>\n","protected":false},"excerpt":{"rendered":"<p>Cliquez sur le lien ci-dessous pour acc\u00e9der \u00e0 la fiche de la sortie ornithologique avec la LPO C\u00f4te d&rsquo;Or et<\/p>\n","protected":false},"author":1,"featured_media":0,"parent":788,"menu_order":0,"comment_status":"closed","ping_status":"closed","template":"","meta":{"colormag_page_container_layout":"default_layout","colormag_page_sidebar_layout":"default_layout","footnotes":""},"class_list":["post-834","page","type-page","status-publish","hentry"],"_links":{"self":[{"href":"https:\/\/dijon.apbg.fr\/index.php\/wp-json\/wp\/v2\/pages\/834","targetHints":{"allow":["GET"]}}],"collection":[{"href":"https:\/\/dijon.apbg.fr\/index.php\/wp-json\/wp\/v2\/pages"}],"about":[{"href":"https:\/\/dijon.apbg.fr\/index.php\/wp-json\/wp\/v2\/types\/page"}],"author":[{"embeddable":true,"href":"https:\/\/dijon.apbg.fr\/index.php\/wp-json\/wp\/v2\/users\/1"}],"replies":[{"embeddable":true,"href":"https:\/\/dijon.apbg.fr\/index.php\/wp-json\/wp\/v2\/comments?post=834"}],"version-history":[{"count":1,"href":"https:\/\/dijon.apbg.fr\/index.php\/wp-json\/wp\/v2\/pages\/834\/revisions"}],"predecessor-version":[{"id":1042,"href":"https:\/\/dijon.apbg.fr\/index.php\/wp-json\/wp\/v2\/pages\/834\/revisions\/1042"}],"up":[{"embeddable":true,"href":"https:\/\/dijon.apbg.fr\/index.php\/wp-json\/wp\/v2\/pages\/788"}],"wp:attachment":[{"href":"https:\/\/dijon.apbg.fr\/index.php\/wp-json\/wp\/v2\/media?parent=834"}],"curies":[{"name":"wp","href":"https:\/\/api.w.org\/{rel}","templated":true}]}}