{"id":826,"date":"2019-09-30T14:11:52","date_gmt":"2019-09-30T14:11:52","guid":{"rendered":"http:\/\/dijon.apbg.org\/?page_id=826"},"modified":"2026-02-10T10:16:24","modified_gmt":"2026-02-10T09:16:24","slug":"formation-ornithologique-a-talant-21-24-10-2019","status":"publish","type":"page","link":"https:\/\/dijon.apbg.fr\/index.php\/sorties-de-la-regionale-2\/sorties-de-la-regionale\/sorties-2019\/formation-ornithologique-a-talant-21-24-10-2019\/","title":{"rendered":"Formation ornithologique \u00e0 Talant (21) 24\/10\/2019"},"content":{"rendered":"\n<p><strong>Formation ornithologique \u00e0 Talant (21) encadr\u00e9e par la Ligue pour la Protection des Oiseaux de C\u00f4te-d&rsquo;Or et de Sa\u00f4ne-et-Loire<\/strong><\/p>\n\n\n\n<p><strong>(<\/strong>Antoine Rougeron, \u00e9ducateur \u00e0 l\u2019environnement et charg\u00e9 d\u2019\u00e9tudes LPO)<\/p>\n\n\n\n<p><em>Date de la formation :&nbsp; <strong>jeudi 24 octobre<\/strong>. (<\/em><em><strong>Possibilit\u00e9 de report \u00e0 une date ult\u00e9rieure si mauvaise condition m\u00e9t\u00e9o pr\u00e9vue<\/strong><\/em>)<\/p>\n\n\n\n<p><em>Rendez-vous au local LPO de Talant \u00e0 14h,<\/em><\/p>\n\n\n\n<p><em>Dur\u00e9e : 3h.<\/em><\/p>\n\n\n\n<p>La LPO C\u00f4te-d\u2019Or et Sa\u00f4ne-et-Loire animera une sortie et une petite formation ornithologique \u00e0 un groupe (maxi 25 personnes) d\u2019enseignants de SVT (et autres membres) de l\u2019Association de professeurs de biologie et de g\u00e9ologie (APBG) de la r\u00e9gion bourguignonne.<\/p>\n\n\n\n<p>L\u2019activit\u00e9 aura lieu durant une apr\u00e8s-midi, au local LPO de Talant et aux alentours.<\/p>\n\n\n\n<p>L\u2019animateur pr\u00e9sentera l\u2019association LPO et son m\u00e9tier au sein de la structure. Une rapide introduction en salle \u00e0 l\u2019ornithologie et \u00e0 l\u2019avifaune bourguignonne pr\u00e9c\u00e9dera une sortie d\u2019observation aux alentours du local LPO (sur l\u2019Espace Naturel Sensible de Talant-Plombi\u00e8res ou au lac Kir par exemple).<\/p>\n\n\n\n<p>Jumelles, longues-vues et guides ornithologiques seront \u00e0 disposition des participants.<\/p>\n\n\n\n<p>Durant la sortie et \u00e0 son retour, l\u2019animateur montrera l\u2019utilit\u00e9 de la base de donn\u00e9es naturaliste VisioNature, ainsi que de l\u2019application pour smartphone Naturalist.<\/p>\n","protected":false},"excerpt":{"rendered":"<p>Formation ornithologique \u00e0 Talant (21) encadr\u00e9e par la Ligue pour la Protection des Oiseaux de C\u00f4te-d&rsquo;Or et de Sa\u00f4ne-et-Loire (Antoine<\/p>\n","protected":false},"author":1,"featured_media":0,"parent":788,"menu_order":0,"comment_status":"closed","ping_status":"closed","template":"","meta":{"colormag_page_container_layout":"default_layout","colormag_page_sidebar_layout":"default_layout","footnotes":""},"class_list":["post-826","page","type-page","status-publish","hentry"],"_links":{"self":[{"href":"https:\/\/dijon.apbg.fr\/index.php\/wp-json\/wp\/v2\/pages\/826","targetHints":{"allow":["GET"]}}],"collection":[{"href":"https:\/\/dijon.apbg.fr\/index.php\/wp-json\/wp\/v2\/pages"}],"about":[{"href":"https:\/\/dijon.apbg.fr\/index.php\/wp-json\/wp\/v2\/types\/page"}],"author":[{"embeddable":true,"href":"https:\/\/dijon.apbg.fr\/index.php\/wp-json\/wp\/v2\/users\/1"}],"replies":[{"embeddable":true,"href":"https:\/\/dijon.apbg.fr\/index.php\/wp-json\/wp\/v2\/comments?post=826"}],"version-history":[{"count":1,"href":"https:\/\/dijon.apbg.fr\/index.php\/wp-json\/wp\/v2\/pages\/826\/revisions"}],"predecessor-version":[{"id":1047,"href":"https:\/\/dijon.apbg.fr\/index.php\/wp-json\/wp\/v2\/pages\/826\/revisions\/1047"}],"up":[{"embeddable":true,"href":"https:\/\/dijon.apbg.fr\/index.php\/wp-json\/wp\/v2\/pages\/788"}],"wp:attachment":[{"href":"https:\/\/dijon.apbg.fr\/index.php\/wp-json\/wp\/v2\/media?parent=826"}],"curies":[{"name":"wp","href":"https:\/\/api.w.org\/{rel}","templated":true}]}}