{"id":805,"date":"2019-09-09T16:12:55","date_gmt":"2019-09-09T16:12:55","guid":{"rendered":"http:\/\/dijon.apbg.org\/?page_id=805"},"modified":"2019-09-09T16:12:55","modified_gmt":"2019-09-09T16:12:55","slug":"visite-du-centre-de-recherche-inserm-dimmunotherapie-de-dijon-06-03-2019","status":"publish","type":"page","link":"https:\/\/dijon.apbg.fr\/index.php\/sorties-de-la-regionale-2\/sorties-de-la-regionale\/sorties-2019\/visite-du-centre-de-recherche-inserm-dimmunotherapie-de-dijon-06-03-2019\/","title":{"rendered":"Visite du centre de recherche INSERM d\u2019immunoth\u00e9rapie de Dijon 06\/03\/2019"},"content":{"rendered":"<h3 style=\"text-align: center\"><strong>Visite du centre de recherche INSERM d\u2019immunoth\u00e9rapie de Dijon<\/strong><\/h3>\n<p style=\"text-align: center\"><strong>Mercredi 06 Mars 2019<\/strong><\/p>\n<p style=\"text-align: center\"><strong>Organisation : Catherine AMIOTTE-SUCHET<\/strong><\/p>\n<p>Depuis \u00e0 peine 10 ans la recherche contre le cancer s\u2019int\u00e9resse s\u00e9rieusement \u00e0 l\u2019immunit\u00e9 comme vecteur potentiel de gu\u00e9rison. Si de premi\u00e8res immunoth\u00e9rapies sont d\u2019ores et d\u00e9j\u00e0 utilis\u00e9es contre le m\u00e9lanome, beaucoup reste encore \u00e0 d\u00e9couvrir et \u00e0 comprendre dans ce domaine.<\/p>\n<p>Lionel Apetoh et son \u00e9quipe (INSERM Dijon*) ont choisi de s\u2019int\u00e9resser aux propri\u00e9t\u00e9s des lymphocytes T CD4, afin de d\u00e9velopper de nouvelles pistes th\u00e9rapeutiques.<\/p>\n<p>La R\u00e9gionale de Dijon a visit\u00e9 le laboratoire de Lionel APETOH (CR1 INSERM) et Fran\u00e7ois GHIRINGHELLI (PU-PH), avec Fr\u00e9d\u00e9rique VEGRAN (post-doc) comme intervenante.<\/p>\n<p>Au programme de cette apr\u00e8s midi :<\/p>\n<ul>\n<li>visite du labo en petits groupes<\/li>\n<li>pr\u00e9sentation g\u00e9n\u00e9ral sur le Centre de Recherche, l&rsquo;\u00e9quipe, le groupe e tles th\u00e9matiques de recherche du groupe<\/li>\n<li>pr\u00e9sentations par des jeunes sur leurs travaux.<\/li>\n<\/ul>\n<p><em>*unit\u00e9 1231 Inserm\/Universit\u00e9 de Bourgogne\/Agrosup Dijon) : bas\u00e9 \u00e0 la fac de m\u00e9decine : immunologie du cancer, immunoth\u00e9rapie<\/em><\/p>\n","protected":false},"excerpt":{"rendered":"<p>Visite du centre de recherche INSERM d\u2019immunoth\u00e9rapie de Dijon Mercredi 06 Mars 2019 Organisation : Catherine AMIOTTE-SUCHET Depuis \u00e0 peine<\/p>\n","protected":false},"author":1,"featured_media":0,"parent":788,"menu_order":0,"comment_status":"closed","ping_status":"closed","template":"","meta":{"colormag_page_container_layout":"default_layout","colormag_page_sidebar_layout":"default_layout","footnotes":""},"class_list":["post-805","page","type-page","status-publish","hentry"],"_links":{"self":[{"href":"https:\/\/dijon.apbg.fr\/index.php\/wp-json\/wp\/v2\/pages\/805","targetHints":{"allow":["GET"]}}],"collection":[{"href":"https:\/\/dijon.apbg.fr\/index.php\/wp-json\/wp\/v2\/pages"}],"about":[{"href":"https:\/\/dijon.apbg.fr\/index.php\/wp-json\/wp\/v2\/types\/page"}],"author":[{"embeddable":true,"href":"https:\/\/dijon.apbg.fr\/index.php\/wp-json\/wp\/v2\/users\/1"}],"replies":[{"embeddable":true,"href":"https:\/\/dijon.apbg.fr\/index.php\/wp-json\/wp\/v2\/comments?post=805"}],"version-history":[{"count":0,"href":"https:\/\/dijon.apbg.fr\/index.php\/wp-json\/wp\/v2\/pages\/805\/revisions"}],"up":[{"embeddable":true,"href":"https:\/\/dijon.apbg.fr\/index.php\/wp-json\/wp\/v2\/pages\/788"}],"wp:attachment":[{"href":"https:\/\/dijon.apbg.fr\/index.php\/wp-json\/wp\/v2\/media?parent=805"}],"curies":[{"name":"wp","href":"https:\/\/api.w.org\/{rel}","templated":true}]}}