{"id":753,"date":"2018-12-29T14:40:55","date_gmt":"2018-12-29T14:40:55","guid":{"rendered":"http:\/\/dijon.apbg.org\/?page_id=753"},"modified":"2026-02-10T10:21:00","modified_gmt":"2026-02-10T09:21:00","slug":"demonstration-du-kit-pcr-electrophorese-jeulin","status":"publish","type":"page","link":"https:\/\/dijon.apbg.fr\/index.php\/sorties-de-la-regionale-2\/sorties-de-la-regionale\/sorties-2018\/demonstration-du-kit-pcr-electrophorese-jeulin\/","title":{"rendered":"D\u00e9monstration du kit PCR\/\u00e9lectrophor\u00e8se JEULIN"},"content":{"rendered":"\n<p class=\"has-text-align-center\"><span style=\"color: #ff0000\"><strong>Les mercredi 06 et 13 f\u00e9vrier 2019<\/strong><\/span><br>\n<em><strong>Organisation : Christophe MIGUET (Lyc\u00e9e L\u00e9on BLUM, LE CREUSOT) 13\/02<\/strong><\/em><br>\n<em><strong>Catherine Amiotte -Suchet (Lyc\u00e9e CARNOT, DIJON)&nbsp; 06\/02<\/strong><\/em><\/p>\n\n\n\n<p>Durant les journ\u00e9es nationales de l&rsquo;APBG \u00e0 Paris, les membres du bureau de l\u2019APBG ont pris contact (en plus de la soci\u00e9t\u00e9 Sordalab) avec l&rsquo;entreprise JEULIN pour obtenir des informations sur leur PCR, dans l&rsquo;optique de mettre au point de nouveaux TP en lien avec les programmes de la r\u00e9forme, notamment en sp\u00e9cialit\u00e9 de Premi\u00e8re.<br>\nNous avons demand\u00e9 \u00e0 Mr Pierre TAP, responsable prospective Jeulin pr\u00e9sent sur place s&rsquo;il \u00e9tait possible de venir dans des lyc\u00e9es des quatre d\u00e9partements bourguignons, pour faire une d\u00e9monstration du fonctionnement de la PCR Jeulin en invitant plusieurs \u00e9tablissements de la R\u00e9gion (coll\u00e8gues de svt).<br>\nJessica MICHELIN, la conseill\u00e8re technico-commerciale pour la r\u00e9gion Bourgogne a r\u00e9pondu positivement \u00e0 cette demande et est donc venue faire une d\u00e9monstration de la PCR Jeulin aux lyc\u00e9es L\u00e9on Blum du Creusot et au lyc\u00e9e Carnot de Dijon.<\/p>\n\n\n\n<figure class=\"wp-block-gallery has-nested-images columns-3 is-cropped wp-block-gallery-1 is-layout-flex wp-block-gallery-is-layout-flex\">\n<figure class=\"wp-block-image size-large\"><img loading=\"lazy\" decoding=\"async\" width=\"1024\" height=\"576\" data-id=\"17\" src=\"https:\/\/dijon.apbg.fr\/wp-content\/uploads\/2026\/02\/20190213_154336-1024x576.jpg\" alt=\"\" class=\"wp-image-17\" srcset=\"https:\/\/dijon.apbg.fr\/wp-content\/uploads\/2026\/02\/20190213_154336-1024x576.jpg 1024w, https:\/\/dijon.apbg.fr\/wp-content\/uploads\/2026\/02\/20190213_154336-300x169.jpg 300w, https:\/\/dijon.apbg.fr\/wp-content\/uploads\/2026\/02\/20190213_154336-768x432.jpg 768w, https:\/\/dijon.apbg.fr\/wp-content\/uploads\/2026\/02\/20190213_154336-1536x864.jpg 1536w, https:\/\/dijon.apbg.fr\/wp-content\/uploads\/2026\/02\/20190213_154336-2048x1152.jpg 2048w\" sizes=\"auto, (max-width: 1024px) 100vw, 1024px\" \/><\/figure>\n\n\n\n<figure class=\"wp-block-image size-large\"><img loading=\"lazy\" decoding=\"async\" width=\"1024\" height=\"576\" data-id=\"18\" src=\"https:\/\/dijon.apbg.fr\/wp-content\/uploads\/2026\/02\/20190213_155721-1024x576.jpg\" alt=\"\" class=\"wp-image-18\" srcset=\"https:\/\/dijon.apbg.fr\/wp-content\/uploads\/2026\/02\/20190213_155721-1024x576.jpg 1024w, https:\/\/dijon.apbg.fr\/wp-content\/uploads\/2026\/02\/20190213_155721-300x169.jpg 300w, https:\/\/dijon.apbg.fr\/wp-content\/uploads\/2026\/02\/20190213_155721-768x432.jpg 768w, https:\/\/dijon.apbg.fr\/wp-content\/uploads\/2026\/02\/20190213_155721-1536x864.jpg 1536w, https:\/\/dijon.apbg.fr\/wp-content\/uploads\/2026\/02\/20190213_155721-2048x1152.jpg 2048w\" sizes=\"auto, (max-width: 1024px) 100vw, 1024px\" \/><\/figure>\n\n\n\n<figure class=\"wp-block-image size-large\"><img loading=\"lazy\" decoding=\"async\" width=\"1024\" height=\"576\" data-id=\"19\" src=\"https:\/\/dijon.apbg.fr\/wp-content\/uploads\/2026\/02\/20190213_160527-1024x576.jpg\" alt=\"\" class=\"wp-image-19\" srcset=\"https:\/\/dijon.apbg.fr\/wp-content\/uploads\/2026\/02\/20190213_160527-1024x576.jpg 1024w, https:\/\/dijon.apbg.fr\/wp-content\/uploads\/2026\/02\/20190213_160527-300x169.jpg 300w, https:\/\/dijon.apbg.fr\/wp-content\/uploads\/2026\/02\/20190213_160527-768x432.jpg 768w, https:\/\/dijon.apbg.fr\/wp-content\/uploads\/2026\/02\/20190213_160527-1536x864.jpg 1536w, https:\/\/dijon.apbg.fr\/wp-content\/uploads\/2026\/02\/20190213_160527-2048x1152.jpg 2048w\" sizes=\"auto, (max-width: 1024px) 100vw, 1024px\" \/><\/figure>\n\n\n\n<figure class=\"wp-block-image size-large\"><img loading=\"lazy\" decoding=\"async\" width=\"1024\" height=\"576\" data-id=\"20\" src=\"https:\/\/dijon.apbg.fr\/wp-content\/uploads\/2026\/02\/20190213_160916-1024x576.jpg\" alt=\"\" class=\"wp-image-20\" srcset=\"https:\/\/dijon.apbg.fr\/wp-content\/uploads\/2026\/02\/20190213_160916-1024x576.jpg 1024w, https:\/\/dijon.apbg.fr\/wp-content\/uploads\/2026\/02\/20190213_160916-300x169.jpg 300w, https:\/\/dijon.apbg.fr\/wp-content\/uploads\/2026\/02\/20190213_160916-768x432.jpg 768w, https:\/\/dijon.apbg.fr\/wp-content\/uploads\/2026\/02\/20190213_160916-1536x864.jpg 1536w, https:\/\/dijon.apbg.fr\/wp-content\/uploads\/2026\/02\/20190213_160916-2048x1152.jpg 2048w\" sizes=\"auto, (max-width: 1024px) 100vw, 1024px\" \/><\/figure>\n\n\n\n<figure class=\"wp-block-image size-large\"><img loading=\"lazy\" decoding=\"async\" width=\"1024\" height=\"559\" data-id=\"21\" src=\"https:\/\/dijon.apbg.fr\/wp-content\/uploads\/2026\/02\/20190213_162611-1024x559.jpg\" alt=\"\" class=\"wp-image-21\" srcset=\"https:\/\/dijon.apbg.fr\/wp-content\/uploads\/2026\/02\/20190213_162611-1024x559.jpg 1024w, https:\/\/dijon.apbg.fr\/wp-content\/uploads\/2026\/02\/20190213_162611-300x164.jpg 300w, https:\/\/dijon.apbg.fr\/wp-content\/uploads\/2026\/02\/20190213_162611-768x419.jpg 768w, https:\/\/dijon.apbg.fr\/wp-content\/uploads\/2026\/02\/20190213_162611.jpg 1440w\" sizes=\"auto, (max-width: 1024px) 100vw, 1024px\" \/><\/figure>\n<\/figure>\n\n\n\n<p><\/p>\n","protected":false},"excerpt":{"rendered":"<p>Les mercredi 06 et 13 f\u00e9vrier 2019 Organisation : Christophe MIGUET (Lyc\u00e9e L\u00e9on BLUM, LE CREUSOT) 13\/02 Catherine Amiotte -Suchet<\/p>\n","protected":false},"author":1,"featured_media":0,"parent":785,"menu_order":0,"comment_status":"closed","ping_status":"closed","template":"","meta":{"colormag_page_container_layout":"default_layout","colormag_page_sidebar_layout":"default_layout","footnotes":""},"class_list":["post-753","page","type-page","status-publish","hentry"],"_links":{"self":[{"href":"https:\/\/dijon.apbg.fr\/index.php\/wp-json\/wp\/v2\/pages\/753","targetHints":{"allow":["GET"]}}],"collection":[{"href":"https:\/\/dijon.apbg.fr\/index.php\/wp-json\/wp\/v2\/pages"}],"about":[{"href":"https:\/\/dijon.apbg.fr\/index.php\/wp-json\/wp\/v2\/types\/page"}],"author":[{"embeddable":true,"href":"https:\/\/dijon.apbg.fr\/index.php\/wp-json\/wp\/v2\/users\/1"}],"replies":[{"embeddable":true,"href":"https:\/\/dijon.apbg.fr\/index.php\/wp-json\/wp\/v2\/comments?post=753"}],"version-history":[{"count":1,"href":"https:\/\/dijon.apbg.fr\/index.php\/wp-json\/wp\/v2\/pages\/753\/revisions"}],"predecessor-version":[{"id":1054,"href":"https:\/\/dijon.apbg.fr\/index.php\/wp-json\/wp\/v2\/pages\/753\/revisions\/1054"}],"up":[{"embeddable":true,"href":"https:\/\/dijon.apbg.fr\/index.php\/wp-json\/wp\/v2\/pages\/785"}],"wp:attachment":[{"href":"https:\/\/dijon.apbg.fr\/index.php\/wp-json\/wp\/v2\/media?parent=753"}],"curies":[{"name":"wp","href":"https:\/\/api.w.org\/{rel}","templated":true}]}}