{"id":746,"date":"2018-12-29T14:38:34","date_gmt":"2018-12-29T14:38:34","guid":{"rendered":"http:\/\/dijon.apbg.org\/?page_id=746"},"modified":"2026-02-10T10:20:13","modified_gmt":"2026-02-10T09:20:13","slug":"demonstration-du-kit-pcr-electrophorese-sordalab-puis-demonstration-de-photographie-microscopie","status":"publish","type":"page","link":"https:\/\/dijon.apbg.fr\/index.php\/sorties-de-la-regionale-2\/sorties-de-la-regionale\/sorties-2018\/demonstration-du-kit-pcr-electrophorese-sordalab-puis-demonstration-de-photographie-microscopie\/","title":{"rendered":"D\u00e9monstration du kit PCR\/\u00e9lectrophor\u00e8se SORDALAB puis d\u00e9monstration de photographie microscopie"},"content":{"rendered":"\n<p class=\"has-text-align-center\"><span style=\"color: #ff0000\"><strong>Le mercredi 16 Janvier 2019<\/strong><\/span><br>\n<strong><em>Organisation : Fr\u00e9d\u00e9ric LABAUNE (Lyc\u00e9e Jean-Marc BOIVIN)<\/em><\/strong><\/p>\n\n\n\n<p>Sylvain Gaignoux et Etienne Jacquart (Sordalab) sont venus faire une d\u00e9mo de leur kit PCR\/\u00e9lectrophor\u00e8se, le 16 janvier, au lyc\u00e9e Jean-Marc Boivin .<\/p>\n\n\n\n<p>Pour les APBGistes Fr\u00e9d\u00e9ric Labaune a \u00e9galement fait une d\u00e9mo de macro\/microscopie apr\u00e8s la d\u00e9mo de Sordalab.<br>\n\u2022 Comment prendre des photos en classe avec les smartphones des \u00e9l\u00e8ves pour \u00ab\u00a0pas tr\u00e8s cher avec un r\u00e9sultat sympa\u00a0\u00bb ?<br>\n\u2022 Aper\u00e7u de ce que l&rsquo;on peut faire avec un mat\u00e9riel plus sophistiqu\u00e9.<\/p>\n\n\n\n<figure class=\"wp-block-gallery has-nested-images columns-4 is-cropped wp-block-gallery-1 is-layout-flex wp-block-gallery-is-layout-flex\">\n<figure class=\"wp-block-image size-large\"><img loading=\"lazy\" decoding=\"async\" width=\"1024\" height=\"768\" data-id=\"14\" src=\"https:\/\/dijon.apbg.fr\/wp-content\/uploads\/2026\/02\/20190116_150221-1024x768.jpg\" alt=\"\" class=\"wp-image-14\" srcset=\"https:\/\/dijon.apbg.fr\/wp-content\/uploads\/2026\/02\/20190116_150221-1024x768.jpg 1024w, https:\/\/dijon.apbg.fr\/wp-content\/uploads\/2026\/02\/20190116_150221-300x225.jpg 300w, https:\/\/dijon.apbg.fr\/wp-content\/uploads\/2026\/02\/20190116_150221-768x576.jpg 768w, https:\/\/dijon.apbg.fr\/wp-content\/uploads\/2026\/02\/20190116_150221-1536x1152.jpg 1536w, https:\/\/dijon.apbg.fr\/wp-content\/uploads\/2026\/02\/20190116_150221-2048x1536.jpg 2048w\" sizes=\"auto, (max-width: 1024px) 100vw, 1024px\" \/><\/figure>\n\n\n\n<figure class=\"wp-block-image size-large\"><img loading=\"lazy\" decoding=\"async\" width=\"1024\" height=\"768\" data-id=\"13\" src=\"https:\/\/dijon.apbg.fr\/wp-content\/uploads\/2026\/02\/20190116_145310-1024x768.jpg\" alt=\"\" class=\"wp-image-13\" srcset=\"https:\/\/dijon.apbg.fr\/wp-content\/uploads\/2026\/02\/20190116_145310-1024x768.jpg 1024w, https:\/\/dijon.apbg.fr\/wp-content\/uploads\/2026\/02\/20190116_145310-300x225.jpg 300w, https:\/\/dijon.apbg.fr\/wp-content\/uploads\/2026\/02\/20190116_145310-768x576.jpg 768w, https:\/\/dijon.apbg.fr\/wp-content\/uploads\/2026\/02\/20190116_145310-1536x1152.jpg 1536w, https:\/\/dijon.apbg.fr\/wp-content\/uploads\/2026\/02\/20190116_145310-2048x1536.jpg 2048w\" sizes=\"auto, (max-width: 1024px) 100vw, 1024px\" \/><\/figure>\n\n\n\n<figure class=\"wp-block-image size-large\"><img loading=\"lazy\" decoding=\"async\" width=\"1024\" height=\"768\" data-id=\"15\" src=\"https:\/\/dijon.apbg.fr\/wp-content\/uploads\/2026\/02\/20190116_150908-1024x768.jpg\" alt=\"\" class=\"wp-image-15\" srcset=\"https:\/\/dijon.apbg.fr\/wp-content\/uploads\/2026\/02\/20190116_150908-1024x768.jpg 1024w, https:\/\/dijon.apbg.fr\/wp-content\/uploads\/2026\/02\/20190116_150908-300x225.jpg 300w, https:\/\/dijon.apbg.fr\/wp-content\/uploads\/2026\/02\/20190116_150908-768x576.jpg 768w, https:\/\/dijon.apbg.fr\/wp-content\/uploads\/2026\/02\/20190116_150908-1536x1152.jpg 1536w, https:\/\/dijon.apbg.fr\/wp-content\/uploads\/2026\/02\/20190116_150908-2048x1536.jpg 2048w\" sizes=\"auto, (max-width: 1024px) 100vw, 1024px\" \/><\/figure>\n\n\n\n<figure class=\"wp-block-image size-large\"><img loading=\"lazy\" decoding=\"async\" width=\"768\" height=\"1024\" data-id=\"16\" src=\"https:\/\/dijon.apbg.fr\/wp-content\/uploads\/2026\/02\/20190116_153112-768x1024.jpg\" alt=\"\" class=\"wp-image-16\" srcset=\"https:\/\/dijon.apbg.fr\/wp-content\/uploads\/2026\/02\/20190116_153112-768x1024.jpg 768w, https:\/\/dijon.apbg.fr\/wp-content\/uploads\/2026\/02\/20190116_153112-225x300.jpg 225w, https:\/\/dijon.apbg.fr\/wp-content\/uploads\/2026\/02\/20190116_153112-1152x1536.jpg 1152w, https:\/\/dijon.apbg.fr\/wp-content\/uploads\/2026\/02\/20190116_153112-1536x2048.jpg 1536w, https:\/\/dijon.apbg.fr\/wp-content\/uploads\/2026\/02\/20190116_153112-scaled.jpg 1920w\" sizes=\"auto, (max-width: 768px) 100vw, 768px\" \/><\/figure>\n<\/figure>\n","protected":false},"excerpt":{"rendered":"<p>Le mercredi 16 Janvier 2019 Organisation : Fr\u00e9d\u00e9ric LABAUNE (Lyc\u00e9e Jean-Marc BOIVIN) Sylvain Gaignoux et Etienne Jacquart (Sordalab) sont venus<\/p>\n","protected":false},"author":1,"featured_media":0,"parent":785,"menu_order":0,"comment_status":"closed","ping_status":"closed","template":"","meta":{"colormag_page_container_layout":"default_layout","colormag_page_sidebar_layout":"default_layout","footnotes":""},"class_list":["post-746","page","type-page","status-publish","hentry"],"_links":{"self":[{"href":"https:\/\/dijon.apbg.fr\/index.php\/wp-json\/wp\/v2\/pages\/746","targetHints":{"allow":["GET"]}}],"collection":[{"href":"https:\/\/dijon.apbg.fr\/index.php\/wp-json\/wp\/v2\/pages"}],"about":[{"href":"https:\/\/dijon.apbg.fr\/index.php\/wp-json\/wp\/v2\/types\/page"}],"author":[{"embeddable":true,"href":"https:\/\/dijon.apbg.fr\/index.php\/wp-json\/wp\/v2\/users\/1"}],"replies":[{"embeddable":true,"href":"https:\/\/dijon.apbg.fr\/index.php\/wp-json\/wp\/v2\/comments?post=746"}],"version-history":[{"count":1,"href":"https:\/\/dijon.apbg.fr\/index.php\/wp-json\/wp\/v2\/pages\/746\/revisions"}],"predecessor-version":[{"id":1053,"href":"https:\/\/dijon.apbg.fr\/index.php\/wp-json\/wp\/v2\/pages\/746\/revisions\/1053"}],"up":[{"embeddable":true,"href":"https:\/\/dijon.apbg.fr\/index.php\/wp-json\/wp\/v2\/pages\/785"}],"wp:attachment":[{"href":"https:\/\/dijon.apbg.fr\/index.php\/wp-json\/wp\/v2\/media?parent=746"}],"curies":[{"name":"wp","href":"https:\/\/api.w.org\/{rel}","templated":true}]}}