{"id":682,"date":"2018-09-29T06:44:34","date_gmt":"2018-09-29T06:44:34","guid":{"rendered":"http:\/\/dijon.apbg.org\/?page_id=682"},"modified":"2018-09-29T06:44:34","modified_gmt":"2018-09-29T06:44:34","slug":"conference-m-a-selosse-02-10-2018","status":"publish","type":"page","link":"https:\/\/dijon.apbg.fr\/index.php\/ressources\/visites-sorties-conferences-en-bourgogne\/conference-m-a-selosse-02-10-2018\/","title":{"rendered":"Conf\u00e9rence M.A S\u00e9losse 02\/10\/2018"},"content":{"rendered":"<div id=\"js_2\" class=\"_5pbx userContent _3ds9 _3576\">\n<p><strong>[important]Mardi 2 octobre de 18h30 \u00e0 19h45 (amphi Amp\u00e8re)[\/important]<\/strong><\/p>\n<h3>Conf\u00e9rence du GnuB (Groupe naturaliste universitaire de Bourgogne) pr\u00e9sent\u00e9e par <em><strong>Marc-Andr\u00e9 Selosse<\/strong><\/em>, biologiste sp\u00e9cialis\u00e9 en botanique et mycologie.<\/h3>\n<p>Lors de cette conf\u00e9rence, il nous expliquera les interactions entre les microbes et ses diff\u00e9rents partenaires, comme l&rsquo;Homme, les plantes, l&rsquo;environnement,\u2026 .<\/p>\n<p>Son livre, \u00ab\u00a0Jamais seul\u00a0\u00bb, vous sera \u00e9galement pr\u00e9sent\u00e9 !<\/p>\n<p>Plus d&rsquo;infos sur le programme du GnuB : <a href=\"https:\/\/www.asso-gnub.fr\/agenda-nature\/\">https:\/\/www.asso-gnub.fr\/agenda-nature\/<\/a><\/p>\n<\/div>\n","protected":false},"excerpt":{"rendered":"<p>[important]Mardi 2 octobre de 18h30 \u00e0 19h45 (amphi Amp\u00e8re)[\/important] Conf\u00e9rence du GnuB (Groupe naturaliste universitaire de Bourgogne) pr\u00e9sent\u00e9e par Marc-Andr\u00e9<\/p>\n","protected":false},"author":1,"featured_media":0,"parent":350,"menu_order":0,"comment_status":"closed","ping_status":"closed","template":"","meta":{"colormag_page_container_layout":"default_layout","colormag_page_sidebar_layout":"default_layout","footnotes":""},"class_list":["post-682","page","type-page","status-publish","hentry"],"_links":{"self":[{"href":"https:\/\/dijon.apbg.fr\/index.php\/wp-json\/wp\/v2\/pages\/682","targetHints":{"allow":["GET"]}}],"collection":[{"href":"https:\/\/dijon.apbg.fr\/index.php\/wp-json\/wp\/v2\/pages"}],"about":[{"href":"https:\/\/dijon.apbg.fr\/index.php\/wp-json\/wp\/v2\/types\/page"}],"author":[{"embeddable":true,"href":"https:\/\/dijon.apbg.fr\/index.php\/wp-json\/wp\/v2\/users\/1"}],"replies":[{"embeddable":true,"href":"https:\/\/dijon.apbg.fr\/index.php\/wp-json\/wp\/v2\/comments?post=682"}],"version-history":[{"count":0,"href":"https:\/\/dijon.apbg.fr\/index.php\/wp-json\/wp\/v2\/pages\/682\/revisions"}],"up":[{"embeddable":true,"href":"https:\/\/dijon.apbg.fr\/index.php\/wp-json\/wp\/v2\/pages\/350"}],"wp:attachment":[{"href":"https:\/\/dijon.apbg.fr\/index.php\/wp-json\/wp\/v2\/media?parent=682"}],"curies":[{"name":"wp","href":"https:\/\/api.w.org\/{rel}","templated":true}]}}