{"id":677,"date":"2018-09-13T15:52:31","date_gmt":"2018-09-13T15:52:31","guid":{"rendered":"http:\/\/dijon.apbg.org\/?page_id=677"},"modified":"2026-02-10T10:27:53","modified_gmt":"2026-02-10T09:27:53","slug":"programme-octobre-2018","status":"publish","type":"page","link":"https:\/\/dijon.apbg.fr\/index.php\/ressources\/visites-sorties-conferences-en-bourgogne\/museum-dhistoire-naturelle-de-dijon\/programme-octobre-2018\/","title":{"rendered":"Programme octobre 2018"},"content":{"rendered":"\n<p>Ci-dessous le programme d\u2019octobre des \u00e9v\u00e9nements propos\u00e9s par le Jardin des sciences de Dijon<\/p>\n\n\n\n<div data-wp-interactive=\"core\/file\" class=\"wp-block-file\"><object data-wp-bind--hidden=\"!state.hasPdfPreview\" hidden class=\"wp-block-file__embed\" data=\"https:\/\/dijon.apbg.fr\/wp-content\/uploads\/2026\/02\/PROGRAMME-Jardin-des-sciences-Octobre-2018.pdf\" type=\"application\/pdf\" style=\"width:100%;height:600px\" aria-label=\"Contenu embarqu\u00e9 PROGRAMME-Jardin-des-sciences-Octobre-2018.\"><\/object><a id=\"wp-block-file--media-a17d35ef-bc62-49ba-bf38-3a555ab64be8\" href=\"https:\/\/dijon.apbg.fr\/wp-content\/uploads\/2026\/02\/PROGRAMME-Jardin-des-sciences-Octobre-2018.pdf\">PROGRAMME-Jardin-des-sciences-Octobre-2018<\/a><a href=\"https:\/\/dijon.apbg.fr\/wp-content\/uploads\/2026\/02\/PROGRAMME-Jardin-des-sciences-Octobre-2018.pdf\" class=\"wp-block-file__button wp-element-button\" download aria-describedby=\"wp-block-file--media-a17d35ef-bc62-49ba-bf38-3a555ab64be8\">T\u00e9l\u00e9charger<\/a><\/div>\n","protected":false},"excerpt":{"rendered":"<p>Ci-dessous le programme d\u2019octobre des \u00e9v\u00e9nements propos\u00e9s par le Jardin des sciences de Dijon<\/p>\n","protected":false},"author":1,"featured_media":0,"parent":464,"menu_order":0,"comment_status":"closed","ping_status":"closed","template":"","meta":{"colormag_page_container_layout":"default_layout","colormag_page_sidebar_layout":"default_layout","footnotes":""},"class_list":["post-677","page","type-page","status-publish","hentry"],"_links":{"self":[{"href":"https:\/\/dijon.apbg.fr\/index.php\/wp-json\/wp\/v2\/pages\/677","targetHints":{"allow":["GET"]}}],"collection":[{"href":"https:\/\/dijon.apbg.fr\/index.php\/wp-json\/wp\/v2\/pages"}],"about":[{"href":"https:\/\/dijon.apbg.fr\/index.php\/wp-json\/wp\/v2\/types\/page"}],"author":[{"embeddable":true,"href":"https:\/\/dijon.apbg.fr\/index.php\/wp-json\/wp\/v2\/users\/1"}],"replies":[{"embeddable":true,"href":"https:\/\/dijon.apbg.fr\/index.php\/wp-json\/wp\/v2\/comments?post=677"}],"version-history":[{"count":1,"href":"https:\/\/dijon.apbg.fr\/index.php\/wp-json\/wp\/v2\/pages\/677\/revisions"}],"predecessor-version":[{"id":1064,"href":"https:\/\/dijon.apbg.fr\/index.php\/wp-json\/wp\/v2\/pages\/677\/revisions\/1064"}],"up":[{"embeddable":true,"href":"https:\/\/dijon.apbg.fr\/index.php\/wp-json\/wp\/v2\/pages\/464"}],"wp:attachment":[{"href":"https:\/\/dijon.apbg.fr\/index.php\/wp-json\/wp\/v2\/media?parent=677"}],"curies":[{"name":"wp","href":"https:\/\/api.w.org\/{rel}","templated":true}]}}