{"id":662,"date":"2018-08-30T16:54:33","date_gmt":"2018-08-30T16:54:33","guid":{"rendered":"http:\/\/dijon.apbg.org\/?page_id=662"},"modified":"2018-08-30T16:54:33","modified_gmt":"2018-08-30T16:54:33","slug":"geologie","status":"publish","type":"page","link":"https:\/\/dijon.apbg.fr\/index.php\/ressources\/sites-internet\/geologie\/","title":{"rendered":"G\u00e9ologie"},"content":{"rendered":"<ul>\n<li><strong>Photographies de lames minces de roches par F. Labaune, utilisables en 1S et TS<\/strong><\/li>\n<\/ul>\n<p><a href=\"http:\/\/www.macromicrophoto.fr\/petrography\/\">http:\/\/www.macromicrophoto.fr\/petrography\/<\/a><\/p>\n<ul>\n<li><strong>Le site de C. Nicollet, professeur \u00e9m\u00e9rite \u00e0 l&rsquo;universit\u00e9 de Clermont-Ferrand. Magmatisme, m\u00e9tamorphisme, tectonique&#8230;<\/strong><\/li>\n<\/ul>\n<p>Documents, figures, photos&#8230;<\/p>\n<p><a href=\"http:\/\/christian.nicollet.free.fr\/\">http:\/\/christian.nicollet.free.fr\/<\/a><\/p>\n","protected":false},"excerpt":{"rendered":"<p>Photographies de lames minces de roches par F. Labaune, utilisables en 1S et TS http:\/\/www.macromicrophoto.fr\/petrography\/ Le site de C. Nicollet,<\/p>\n","protected":false},"author":1,"featured_media":0,"parent":348,"menu_order":0,"comment_status":"closed","ping_status":"closed","template":"","meta":{"colormag_page_container_layout":"default_layout","colormag_page_sidebar_layout":"default_layout","footnotes":""},"class_list":["post-662","page","type-page","status-publish","hentry"],"_links":{"self":[{"href":"https:\/\/dijon.apbg.fr\/index.php\/wp-json\/wp\/v2\/pages\/662","targetHints":{"allow":["GET"]}}],"collection":[{"href":"https:\/\/dijon.apbg.fr\/index.php\/wp-json\/wp\/v2\/pages"}],"about":[{"href":"https:\/\/dijon.apbg.fr\/index.php\/wp-json\/wp\/v2\/types\/page"}],"author":[{"embeddable":true,"href":"https:\/\/dijon.apbg.fr\/index.php\/wp-json\/wp\/v2\/users\/1"}],"replies":[{"embeddable":true,"href":"https:\/\/dijon.apbg.fr\/index.php\/wp-json\/wp\/v2\/comments?post=662"}],"version-history":[{"count":0,"href":"https:\/\/dijon.apbg.fr\/index.php\/wp-json\/wp\/v2\/pages\/662\/revisions"}],"up":[{"embeddable":true,"href":"https:\/\/dijon.apbg.fr\/index.php\/wp-json\/wp\/v2\/pages\/348"}],"wp:attachment":[{"href":"https:\/\/dijon.apbg.fr\/index.php\/wp-json\/wp\/v2\/media?parent=662"}],"curies":[{"name":"wp","href":"https:\/\/api.w.org\/{rel}","templated":true}]}}