{"id":547,"date":"2016-11-09T14:48:07","date_gmt":"2016-11-09T14:48:07","guid":{"rendered":"http:\/\/dijon.apbg.org\/?page_id=547"},"modified":"2026-02-10T10:27:12","modified_gmt":"2026-02-10T09:27:12","slug":"programme-scolaire-2016-2017-jardin-des-sciences-de-dijon","status":"publish","type":"page","link":"https:\/\/dijon.apbg.fr\/index.php\/ressources\/visites-sorties-conferences-en-bourgogne\/museum-dhistoire-naturelle-de-dijon\/programme-scolaire-2016-2017-jardin-des-sciences-de-dijon\/","title":{"rendered":"Programme scolaires 2016-2017"},"content":{"rendered":"\n<p>Vous trouverez ci-dessous le lien pour acc\u00e9der \u00e0 l&rsquo;ensemble du programme du Jardin des Sciences de Dijon \u00e0 destination des scolaires pour 2016-2017.<\/p>\n\n\n\n<p>Ce programme concerne le coll\u00e8ge et le lyc\u00e9e et regroupe les diff\u00e9rentes offres propos\u00e9es par le Plan\u00e9tarium et le Mus\u00e9um d&rsquo;Histoire Naturelle.<\/p>\n\n\n\n<p>Il y est \u00e9galement question de l&rsquo;exposition Bio&rsquo;Inspiration (jusqu&rsquo;au 31\/12\/2016). Des ateliers en lien avec cette expo sont propos\u00e9s.<\/p>\n\n\n\n<p>Vous trouverez en pages 7 et 8 les diff\u00e9rentes formalit\u00e9s d&rsquo;inscription. Les pages 9 \u00e0 19 pr\u00e9sentent les diff\u00e9rents ateliers en fonction du niveau scolaire.<\/p>\n\n\n\n<div data-wp-interactive=\"core\/file\" class=\"wp-block-file\"><object data-wp-bind--hidden=\"!state.hasPdfPreview\" hidden class=\"wp-block-file__embed\" data=\"https:\/\/dijon.apbg.fr\/wp-content\/uploads\/2026\/02\/programme_scolaire_college_lycee_2015-16_allege.pdf\" type=\"application\/pdf\" style=\"width:100%;height:600px\" aria-label=\"Contenu embarqu\u00e9 programme_scolaire_college_lycee_2015-16_allege.\"><\/object><a id=\"wp-block-file--media-08019a76-7110-4407-97b0-bf9e240f5168\" href=\"https:\/\/dijon.apbg.fr\/wp-content\/uploads\/2026\/02\/programme_scolaire_college_lycee_2015-16_allege.pdf\">programme_scolaire_college_lycee_2015-16_allege<\/a><a href=\"https:\/\/dijon.apbg.fr\/wp-content\/uploads\/2026\/02\/programme_scolaire_college_lycee_2015-16_allege.pdf\" class=\"wp-block-file__button wp-element-button\" download aria-describedby=\"wp-block-file--media-08019a76-7110-4407-97b0-bf9e240f5168\">T\u00e9l\u00e9charger<\/a><\/div>\n\n\n\n<p>\u00a0<span style=\"text-decoration: underline\"><em>Et aussi<\/em><\/span><\/p>\n\n\n\n<p>Dossier de presse Mus\u00e9um de l&rsquo;Arquebuse = des infos pour pr\u00e9parer une sortie avec les \u00e9l\u00e8ves.<\/p>\n\n\n\n<div data-wp-interactive=\"core\/file\" class=\"wp-block-file\"><object data-wp-bind--hidden=\"!state.hasPdfPreview\" hidden class=\"wp-block-file__embed\" data=\"https:\/\/dijon.apbg.fr\/wp-content\/uploads\/2026\/02\/Dossier-de-presse-Museum.pdf\" type=\"application\/pdf\" style=\"width:100%;height:600px\" aria-label=\"Contenu embarqu\u00e9 Dossier-de-presse-Mus\u00e9um.\"><\/object><a id=\"wp-block-file--media-7d6a22fa-c224-4878-9b4d-786d20c470f3\" href=\"https:\/\/dijon.apbg.fr\/wp-content\/uploads\/2026\/02\/Dossier-de-presse-Museum.pdf\">Dossier-de-presse-Mus\u00e9um<\/a><a href=\"https:\/\/dijon.apbg.fr\/wp-content\/uploads\/2026\/02\/Dossier-de-presse-Museum.pdf\" class=\"wp-block-file__button wp-element-button\" download aria-describedby=\"wp-block-file--media-7d6a22fa-c224-4878-9b4d-786d20c470f3\">T\u00e9l\u00e9charger<\/a><\/div>\n\n\n\n<p>D&rsquo;autres infos ici : <a href=\"http:\/\/artsculture.ac-dijon.fr\/spip.php?article28\">http:\/\/artsculture.ac-dijon.fr\/spip.php?article28<\/a><\/p>\n","protected":false},"excerpt":{"rendered":"<p>Vous trouverez ci-dessous le lien pour acc\u00e9der \u00e0 l&rsquo;ensemble du programme du Jardin des Sciences de Dijon \u00e0 destination des<\/p>\n","protected":false},"author":1,"featured_media":0,"parent":464,"menu_order":0,"comment_status":"closed","ping_status":"open","template":"","meta":{"colormag_page_container_layout":"default_layout","colormag_page_sidebar_layout":"default_layout","footnotes":""},"class_list":["post-547","page","type-page","status-publish","hentry"],"_links":{"self":[{"href":"https:\/\/dijon.apbg.fr\/index.php\/wp-json\/wp\/v2\/pages\/547","targetHints":{"allow":["GET"]}}],"collection":[{"href":"https:\/\/dijon.apbg.fr\/index.php\/wp-json\/wp\/v2\/pages"}],"about":[{"href":"https:\/\/dijon.apbg.fr\/index.php\/wp-json\/wp\/v2\/types\/page"}],"author":[{"embeddable":true,"href":"https:\/\/dijon.apbg.fr\/index.php\/wp-json\/wp\/v2\/users\/1"}],"replies":[{"embeddable":true,"href":"https:\/\/dijon.apbg.fr\/index.php\/wp-json\/wp\/v2\/comments?post=547"}],"version-history":[{"count":2,"href":"https:\/\/dijon.apbg.fr\/index.php\/wp-json\/wp\/v2\/pages\/547\/revisions"}],"predecessor-version":[{"id":1063,"href":"https:\/\/dijon.apbg.fr\/index.php\/wp-json\/wp\/v2\/pages\/547\/revisions\/1063"}],"up":[{"embeddable":true,"href":"https:\/\/dijon.apbg.fr\/index.php\/wp-json\/wp\/v2\/pages\/464"}],"wp:attachment":[{"href":"https:\/\/dijon.apbg.fr\/index.php\/wp-json\/wp\/v2\/media?parent=547"}],"curies":[{"name":"wp","href":"https:\/\/api.w.org\/{rel}","templated":true}]}}