{"id":502,"date":"2016-09-30T18:59:34","date_gmt":"2016-09-30T18:59:34","guid":{"rendered":"http:\/\/dijon.apbg.org\/?page_id=502"},"modified":"2026-02-10T10:25:09","modified_gmt":"2026-02-10T09:25:09","slug":"operation-1000-chercheurs-dans-les-ecoles","status":"publish","type":"page","link":"https:\/\/dijon.apbg.fr\/index.php\/ressources\/visites-sorties-conferences-en-bourgogne\/operation-1000-chercheurs-dans-les-ecoles\/","title":{"rendered":"Op\u00e9ration \u00ab 1000 chercheurs dans les \u00e9coles \u00bb"},"content":{"rendered":"\n<p>L\u2019APBG est partenaire de l\u2019op\u00e9ration <strong>\u00ab&nbsp;1000 chercheurs dans les \u00e9coles&nbsp;\u00bb<\/strong>&nbsp; avec l\u2019AFM-t\u00e9l\u00e9thon, qui se d\u00e9roulera entre le <span style=\"text-decoration: underline;color: #ff0000\"><strong>3 et le 30 novembre<\/strong><\/span> 2016 \u00e0 destination des coll\u00e8ges et des lyc\u00e9es.<\/p>\n\n\n\n<p>N\u2019h\u00e9sitez pas \u00e0 vous rendre sur le site <a href=\"http:\/\/education.telethon.fr\/pedagogie\/article\/l-operation-1-000-chercheurs-dans\">education.telethon.fr<\/a> pour plus d\u2019information et \u00e0 suivre l\u2019actualit\u00e9 de l\u2019op\u00e9ration sur sa <a href=\"https:\/\/www.facebook.com\/1000chercheurs\/\">page Facebook<\/a>.<\/p>\n\n\n\n<div data-wp-interactive=\"core\/file\" class=\"wp-block-file\"><object data-wp-bind--hidden=\"!state.hasPdfPreview\" hidden class=\"wp-block-file__embed\" data=\"https:\/\/dijon.apbg.fr\/wp-content\/uploads\/2026\/02\/flyer_1000Chercheurs-2016_BD2.pdf\" type=\"application\/pdf\" style=\"width:100%;height:600px\" aria-label=\"Contenu embarqu\u00e9 flyer_1000Chercheurs-2016_BD2.\"><\/object><a id=\"wp-block-file--media-8e039d0c-5040-4368-9baf-68f5b6fc7217\" href=\"https:\/\/dijon.apbg.fr\/wp-content\/uploads\/2026\/02\/flyer_1000Chercheurs-2016_BD2.pdf\">flyer_1000Chercheurs-2016_BD2<\/a><a href=\"https:\/\/dijon.apbg.fr\/wp-content\/uploads\/2026\/02\/flyer_1000Chercheurs-2016_BD2.pdf\" class=\"wp-block-file__button wp-element-button\" download aria-describedby=\"wp-block-file--media-8e039d0c-5040-4368-9baf-68f5b6fc7217\">T\u00e9l\u00e9charger<\/a><\/div>\n\n\n\n<p>&nbsp;<\/p>\n","protected":false},"excerpt":{"rendered":"<p>L\u2019APBG est partenaire de l\u2019op\u00e9ration \u00ab&nbsp;1000 chercheurs dans les \u00e9coles&nbsp;\u00bb&nbsp; avec l\u2019AFM-t\u00e9l\u00e9thon, qui se d\u00e9roulera entre le 3 et le<\/p>\n","protected":false},"author":1,"featured_media":0,"parent":350,"menu_order":0,"comment_status":"closed","ping_status":"open","template":"","meta":{"colormag_page_container_layout":"default_layout","colormag_page_sidebar_layout":"default_layout","footnotes":""},"class_list":["post-502","page","type-page","status-publish","hentry"],"_links":{"self":[{"href":"https:\/\/dijon.apbg.fr\/index.php\/wp-json\/wp\/v2\/pages\/502","targetHints":{"allow":["GET"]}}],"collection":[{"href":"https:\/\/dijon.apbg.fr\/index.php\/wp-json\/wp\/v2\/pages"}],"about":[{"href":"https:\/\/dijon.apbg.fr\/index.php\/wp-json\/wp\/v2\/types\/page"}],"author":[{"embeddable":true,"href":"https:\/\/dijon.apbg.fr\/index.php\/wp-json\/wp\/v2\/users\/1"}],"replies":[{"embeddable":true,"href":"https:\/\/dijon.apbg.fr\/index.php\/wp-json\/wp\/v2\/comments?post=502"}],"version-history":[{"count":1,"href":"https:\/\/dijon.apbg.fr\/index.php\/wp-json\/wp\/v2\/pages\/502\/revisions"}],"predecessor-version":[{"id":1060,"href":"https:\/\/dijon.apbg.fr\/index.php\/wp-json\/wp\/v2\/pages\/502\/revisions\/1060"}],"up":[{"embeddable":true,"href":"https:\/\/dijon.apbg.fr\/index.php\/wp-json\/wp\/v2\/pages\/350"}],"wp:attachment":[{"href":"https:\/\/dijon.apbg.fr\/index.php\/wp-json\/wp\/v2\/media?parent=502"}],"curies":[{"name":"wp","href":"https:\/\/api.w.org\/{rel}","templated":true}]}}