{"id":499,"date":"2016-04-06T12:41:51","date_gmt":"2016-04-06T12:41:51","guid":{"rendered":"http:\/\/dijon.apbg.org\/?page_id=499"},"modified":"2026-02-10T10:31:14","modified_gmt":"2026-02-10T09:31:14","slug":"conference-debat-contraception","status":"publish","type":"page","link":"https:\/\/dijon.apbg.fr\/index.php\/ressources\/visites-sorties-conferences-en-bourgogne\/conference-debat-contraception\/","title":{"rendered":"Conf\u00e9rence d\u00e9bat Contraception"},"content":{"rendered":"\n<p>Le samedi 5 mars 2016, le <span style=\"text-decoration: underline\">Dr Malika ROMANO<\/span> (du centre de planification et Education familiales&nbsp;de Dijon), nous a expos\u00e9 l<span style=\"text-decoration: underline\">\u2019\u00e9volution de la contraception orale depuis son autorisation en France<\/span>.<\/p>\n\n\n\n<p>Elle nous a ensuite pr\u00e9sent\u00e9 un bilan des interventions en coll\u00e8ge\/lyc\u00e9e, une r\u00e9actualisation de ce qui est propos\u00e9 aux jeunes en termes de contraception<\/p>\n\n\n\n<figure class=\"wp-block-image aligncenter size-large\"><a href=\"https:\/\/dijon.apbg.fr\/wp-content\/uploads\/2026\/02\/Malika-2-scaled.jpg\"><img loading=\"lazy\" decoding=\"async\" width=\"1024\" height=\"768\" src=\"https:\/\/dijon.apbg.fr\/wp-content\/uploads\/2026\/02\/Malika-2-1024x768.jpg\" alt=\"\" class=\"wp-image-95\" srcset=\"https:\/\/dijon.apbg.fr\/wp-content\/uploads\/2026\/02\/Malika-2-1024x768.jpg 1024w, https:\/\/dijon.apbg.fr\/wp-content\/uploads\/2026\/02\/Malika-2-300x225.jpg 300w, https:\/\/dijon.apbg.fr\/wp-content\/uploads\/2026\/02\/Malika-2-768x576.jpg 768w, https:\/\/dijon.apbg.fr\/wp-content\/uploads\/2026\/02\/Malika-2-1536x1152.jpg 1536w, https:\/\/dijon.apbg.fr\/wp-content\/uploads\/2026\/02\/Malika-2-2048x1536.jpg 2048w\" sizes=\"auto, (max-width: 1024px) 100vw, 1024px\" \/><\/a><\/figure>\n\n\n\n<p class=\"has-text-align-center\">\u00a0<\/p>\n\n\n\n<div data-wp-interactive=\"core\/file\" class=\"wp-block-file\"><object data-wp-bind--hidden=\"!state.hasPdfPreview\" hidden class=\"wp-block-file__embed\" data=\"https:\/\/dijon.apbg.fr\/wp-content\/uploads\/2026\/02\/topo-contraception.pdf\" type=\"application\/pdf\" style=\"width:100%;height:600px\" aria-label=\"Contenu embarqu\u00e9 topo-contraception.\"><\/object><a id=\"wp-block-file--media-f49b7937-1abd-4578-af92-b52280d50ece\" href=\"https:\/\/dijon.apbg.fr\/wp-content\/uploads\/2026\/02\/topo-contraception.pdf\">topo-contraception<\/a><a href=\"https:\/\/dijon.apbg.fr\/wp-content\/uploads\/2026\/02\/topo-contraception.pdf\" class=\"wp-block-file__button wp-element-button\" download aria-describedby=\"wp-block-file--media-f49b7937-1abd-4578-af92-b52280d50ece\">T\u00e9l\u00e9charger<\/a><\/div>\n","protected":false},"excerpt":{"rendered":"<p>Le samedi 5 mars 2016, le Dr Malika ROMANO (du centre de planification et Education familiales&nbsp;de Dijon), nous a expos\u00e9<\/p>\n","protected":false},"author":1,"featured_media":0,"parent":350,"menu_order":0,"comment_status":"closed","ping_status":"open","template":"","meta":{"colormag_page_container_layout":"default_layout","colormag_page_sidebar_layout":"default_layout","footnotes":""},"class_list":["post-499","page","type-page","status-publish","hentry"],"_links":{"self":[{"href":"https:\/\/dijon.apbg.fr\/index.php\/wp-json\/wp\/v2\/pages\/499","targetHints":{"allow":["GET"]}}],"collection":[{"href":"https:\/\/dijon.apbg.fr\/index.php\/wp-json\/wp\/v2\/pages"}],"about":[{"href":"https:\/\/dijon.apbg.fr\/index.php\/wp-json\/wp\/v2\/types\/page"}],"author":[{"embeddable":true,"href":"https:\/\/dijon.apbg.fr\/index.php\/wp-json\/wp\/v2\/users\/1"}],"replies":[{"embeddable":true,"href":"https:\/\/dijon.apbg.fr\/index.php\/wp-json\/wp\/v2\/comments?post=499"}],"version-history":[{"count":1,"href":"https:\/\/dijon.apbg.fr\/index.php\/wp-json\/wp\/v2\/pages\/499\/revisions"}],"predecessor-version":[{"id":1068,"href":"https:\/\/dijon.apbg.fr\/index.php\/wp-json\/wp\/v2\/pages\/499\/revisions\/1068"}],"up":[{"embeddable":true,"href":"https:\/\/dijon.apbg.fr\/index.php\/wp-json\/wp\/v2\/pages\/350"}],"wp:attachment":[{"href":"https:\/\/dijon.apbg.fr\/index.php\/wp-json\/wp\/v2\/media?parent=499"}],"curies":[{"name":"wp","href":"https:\/\/api.w.org\/{rel}","templated":true}]}}