{"id":473,"date":"2016-02-22T20:52:15","date_gmt":"2016-02-22T20:52:15","guid":{"rendered":"http:\/\/dijon.apbg.org\/?page_id=473"},"modified":"2026-02-10T10:29:37","modified_gmt":"2026-02-10T09:29:37","slug":"exposition-bioinspiration","status":"publish","type":"page","link":"https:\/\/dijon.apbg.fr\/index.php\/ressources\/visites-sorties-conferences-en-bourgogne\/museum-dhistoire-naturelle-de-dijon\/exposition-bioinspiration\/","title":{"rendered":"Exposition Bio&rsquo;Inspiration"},"content":{"rendered":"\n<p><strong class=\"caractencadre2-spip spip\">Plan\u00e9tarium &#8211; du 09 avril au 31 d\u00e9cembre 2016<\/strong><\/p>\n\n\n\n<p>Entr\u00e9e libre<span class=\"spip_document_22776 spip_documents spip_documents_center\"><\/span><\/p>\n\n\n\n<p><strong><span style=\"text-decoration: underline\">R\u00e9sum\u00e9 <\/span>:<\/strong><\/p>\n\n\n\n<p><strong>Observer la nature &amp; Inventer le futur<\/strong><\/p>\n\n\n\n<p>Le saviez-vous&nbsp;? La peau de requin facilite sa nage rapide, les termiti\u00e8res sont climatis\u00e9es, le gecko peut rester au plafond maintenu par un seul de ses doigts et sans colle, la graine de bardane s\u2019accroche aux poils des animaux, le fil de l\u2019araign\u00e9e est plus solide que l\u2019acier, les lucioles produisent leur propre lumi\u00e8re, l\u2019escargot de Bourgogne produit une substance adh\u00e9sive ultra efficace, temporaire et non toxique\u2026<\/p>\n\n\n\n<p>Observer, comprendre, s\u2019inspirer de la Nature&nbsp;: du velcro de nos chaussures \u00e0 la combinaison du nageur, de la colle aux \u00e9oliennes\u2026 La BIO\u2019INSPIRATION est un formidable levier pour innover tout en respectant l\u2019environnement.<br class=\"autobr\">Une nouvelle occasion de comprendre que nous avons tout \u00e0 gagner \u00e0 vivre en bonne intelligence avec la Nature et prot\u00e9ger la biodiversit\u00e9.<\/p>\n\n\n\n<p>\u00a0<span style=\"text-decoration: underline\"><strong>Le lien vers le communiqu\u00e9 de presse :<\/strong> <\/span><\/p>\n\n\n\n<div data-wp-interactive=\"core\/file\" class=\"wp-block-file\"><object data-wp-bind--hidden=\"!state.hasPdfPreview\" hidden class=\"wp-block-file__embed\" data=\"https:\/\/dijon.apbg.fr\/wp-content\/uploads\/2026\/02\/communique_de_presse_4_fevrier.pdf\" type=\"application\/pdf\" style=\"width:100%;height:600px\" aria-label=\"Contenu embarqu\u00e9 communique_de_presse_4_fevrier.\"><\/object><a id=\"wp-block-file--media-3f86e524-9187-421b-bfbd-188ec9d7212a\" href=\"https:\/\/dijon.apbg.fr\/wp-content\/uploads\/2026\/02\/communique_de_presse_4_fevrier.pdf\">communique_de_presse_4_fevrier<\/a><a href=\"https:\/\/dijon.apbg.fr\/wp-content\/uploads\/2026\/02\/communique_de_presse_4_fevrier.pdf\" class=\"wp-block-file__button wp-element-button\" download aria-describedby=\"wp-block-file--media-3f86e524-9187-421b-bfbd-188ec9d7212a\">T\u00e9l\u00e9charger<\/a><\/div>\n","protected":false},"excerpt":{"rendered":"<p>Plan\u00e9tarium &#8211; du 09 avril au 31 d\u00e9cembre 2016 Entr\u00e9e libre R\u00e9sum\u00e9 : Observer la nature &amp; Inventer le futur<\/p>\n","protected":false},"author":1,"featured_media":0,"parent":464,"menu_order":0,"comment_status":"closed","ping_status":"open","template":"","meta":{"colormag_page_container_layout":"default_layout","colormag_page_sidebar_layout":"default_layout","footnotes":""},"class_list":["post-473","page","type-page","status-publish","hentry"],"_links":{"self":[{"href":"https:\/\/dijon.apbg.fr\/index.php\/wp-json\/wp\/v2\/pages\/473","targetHints":{"allow":["GET"]}}],"collection":[{"href":"https:\/\/dijon.apbg.fr\/index.php\/wp-json\/wp\/v2\/pages"}],"about":[{"href":"https:\/\/dijon.apbg.fr\/index.php\/wp-json\/wp\/v2\/types\/page"}],"author":[{"embeddable":true,"href":"https:\/\/dijon.apbg.fr\/index.php\/wp-json\/wp\/v2\/users\/1"}],"replies":[{"embeddable":true,"href":"https:\/\/dijon.apbg.fr\/index.php\/wp-json\/wp\/v2\/comments?post=473"}],"version-history":[{"count":1,"href":"https:\/\/dijon.apbg.fr\/index.php\/wp-json\/wp\/v2\/pages\/473\/revisions"}],"predecessor-version":[{"id":1066,"href":"https:\/\/dijon.apbg.fr\/index.php\/wp-json\/wp\/v2\/pages\/473\/revisions\/1066"}],"up":[{"embeddable":true,"href":"https:\/\/dijon.apbg.fr\/index.php\/wp-json\/wp\/v2\/pages\/464"}],"wp:attachment":[{"href":"https:\/\/dijon.apbg.fr\/index.php\/wp-json\/wp\/v2\/media?parent=473"}],"curies":[{"name":"wp","href":"https:\/\/api.w.org\/{rel}","templated":true}]}}