{"id":350,"date":"2014-09-07T13:22:21","date_gmt":"2014-09-07T13:22:21","guid":{"rendered":"http:\/\/dijon.apbg.org\/?page_id=350"},"modified":"2014-09-07T13:22:21","modified_gmt":"2014-09-07T13:22:21","slug":"visites-sorties-conferences-en-bourgogne","status":"publish","type":"page","link":"https:\/\/dijon.apbg.fr\/index.php\/ressources\/visites-sorties-conferences-en-bourgogne\/","title":{"rendered":"Visites, sorties, conf\u00e9rences en Bourgogne"},"content":{"rendered":"<p style=\"text-align: center\"><span style=\"text-decoration: underline\"><strong>Mus\u00e9um d&rsquo;Histoire Naturelle de Dijon<\/strong><\/span><\/p>\n<p>Le mus\u00e9um pr\u00e9sente l\u2019histoire du vivant et de la biodiversit\u00e9. Entre connaissances scientifiques actuelles et sensibilisation citoyenne, il permet de d\u00e9couvrir l\u2019importance de\u00a0 la pr\u00e9servation de la biodiversit\u00e9, enjeu fondamental du d\u00e9veloppement durable.<\/p>\n<p>Les activit\u00e9s au Jardin des Sciences pour f\u00e9vrier et mars 2014 :<\/p>\n<p><strong><a href=\"http:\/\/dijon.apbg.org\/files\/2013\/12\/Jardin-des-sciences-f\u00e9vrier-2014.pdf\">Jardin des sciences f\u00e9vrier 2014<\/a><\/strong><\/p>\n<p><strong><a href=\"http:\/\/dijon.apbg.org\/files\/2013\/12\/Jardin-des-sciences-mars-20141.pdf\">Jardin des sciences mars 2014<\/a><\/strong><br \/>\n<strong><\/strong><\/p>\n<p>Dossier de presse Mus\u00e9um de l&rsquo;Arquebuse = des infos pour pr\u00e9parer une sortie avec les \u00e9l\u00e8ves : <strong><a href=\"http:\/\/dijon.apbg.org\/files\/2013\/12\/Dossier-de-presse-Mus\u00e9um.pdf\">Dossier de presse Mus\u00e9um<\/a><\/strong><\/p>\n","protected":false},"excerpt":{"rendered":"<p>Mus\u00e9um d&rsquo;Histoire Naturelle de Dijon Le mus\u00e9um pr\u00e9sente l\u2019histoire du vivant et de la biodiversit\u00e9. Entre connaissances scientifiques actuelles et<\/p>\n","protected":false},"author":1,"featured_media":0,"parent":306,"menu_order":0,"comment_status":"closed","ping_status":"open","template":"","meta":{"colormag_page_container_layout":"default_layout","colormag_page_sidebar_layout":"default_layout","footnotes":""},"class_list":["post-350","page","type-page","status-publish","hentry"],"_links":{"self":[{"href":"https:\/\/dijon.apbg.fr\/index.php\/wp-json\/wp\/v2\/pages\/350","targetHints":{"allow":["GET"]}}],"collection":[{"href":"https:\/\/dijon.apbg.fr\/index.php\/wp-json\/wp\/v2\/pages"}],"about":[{"href":"https:\/\/dijon.apbg.fr\/index.php\/wp-json\/wp\/v2\/types\/page"}],"author":[{"embeddable":true,"href":"https:\/\/dijon.apbg.fr\/index.php\/wp-json\/wp\/v2\/users\/1"}],"replies":[{"embeddable":true,"href":"https:\/\/dijon.apbg.fr\/index.php\/wp-json\/wp\/v2\/comments?post=350"}],"version-history":[{"count":0,"href":"https:\/\/dijon.apbg.fr\/index.php\/wp-json\/wp\/v2\/pages\/350\/revisions"}],"up":[{"embeddable":true,"href":"https:\/\/dijon.apbg.fr\/index.php\/wp-json\/wp\/v2\/pages\/306"}],"wp:attachment":[{"href":"https:\/\/dijon.apbg.fr\/index.php\/wp-json\/wp\/v2\/media?parent=350"}],"curies":[{"name":"wp","href":"https:\/\/api.w.org\/{rel}","templated":true}]}}