{"id":306,"date":"2014-03-29T20:34:28","date_gmt":"2014-03-29T20:34:28","guid":{"rendered":"http:\/\/dijon.apbg.org\/?page_id=306"},"modified":"2014-03-29T20:34:28","modified_gmt":"2014-03-29T20:34:28","slug":"ressources","status":"publish","type":"page","link":"https:\/\/dijon.apbg.fr\/index.php\/ressources\/","title":{"rendered":"Ressources"},"content":{"rendered":"<p>Le but de cette page \u00ab\u00a0Ressources\u00a0\u00bb est de mutualiser un maximum d&rsquo;informations et de documents en lien avec notre mati\u00e8re.<\/p>\n<p>Vous trouverez donc dans cette page\u00a0 :<\/p>\n<ul>\n<li>des infos sur des conf\u00e9rences, des visites, des expositions en Bourgogne;<\/li>\n<li>des liens vers des associations en rapport avec les SVT;<\/li>\n<li>des photos pouvant \u00eatre exploit\u00e9es en classe;<\/li>\n<li>des documents, des logiciels, des sch\u00e9mas&#8230; cr\u00e9\u00e9s par des coll\u00e8gues et qui proposent de les partager avec les adh\u00e9rents de la R\u00e9gionale.<\/li>\n<\/ul>\n<p>Si vous souhaitez partager des infos, des documents de cours ou tout simplement un lien vers un site int\u00e9ressant, n&rsquo;h\u00e9sitez pas \u00e0 nous contacter.<\/p>\n<p>&nbsp;<\/p>\n<p>&nbsp;<\/p>\n<p>&nbsp;<\/p>\n<p>&nbsp;<\/p>\n","protected":false},"excerpt":{"rendered":"<p>Le but de cette page \u00ab\u00a0Ressources\u00a0\u00bb est de mutualiser un maximum d&rsquo;informations et de documents en lien avec notre mati\u00e8re.<\/p>\n","protected":false},"author":1,"featured_media":0,"parent":0,"menu_order":4,"comment_status":"closed","ping_status":"open","template":"","meta":{"colormag_page_container_layout":"default_layout","colormag_page_sidebar_layout":"default_layout","footnotes":""},"class_list":["post-306","page","type-page","status-publish","hentry"],"_links":{"self":[{"href":"https:\/\/dijon.apbg.fr\/index.php\/wp-json\/wp\/v2\/pages\/306","targetHints":{"allow":["GET"]}}],"collection":[{"href":"https:\/\/dijon.apbg.fr\/index.php\/wp-json\/wp\/v2\/pages"}],"about":[{"href":"https:\/\/dijon.apbg.fr\/index.php\/wp-json\/wp\/v2\/types\/page"}],"author":[{"embeddable":true,"href":"https:\/\/dijon.apbg.fr\/index.php\/wp-json\/wp\/v2\/users\/1"}],"replies":[{"embeddable":true,"href":"https:\/\/dijon.apbg.fr\/index.php\/wp-json\/wp\/v2\/comments?post=306"}],"version-history":[{"count":0,"href":"https:\/\/dijon.apbg.fr\/index.php\/wp-json\/wp\/v2\/pages\/306\/revisions"}],"wp:attachment":[{"href":"https:\/\/dijon.apbg.fr\/index.php\/wp-json\/wp\/v2\/media?parent=306"}],"curies":[{"name":"wp","href":"https:\/\/api.w.org\/{rel}","templated":true}]}}