{"id":2,"date":"2018-02-16T13:17:48","date_gmt":"2018-02-16T13:17:48","guid":{"rendered":"http:\/\/modele-regionales.apbg.org\/?page_id=2"},"modified":"2018-02-16T13:17:48","modified_gmt":"2018-02-16T13:17:48","slug":"organigramme","status":"publish","type":"page","link":"https:\/\/dijon.apbg.fr\/index.php\/organigramme\/","title":{"rendered":"Organigramme"},"content":{"rendered":"<p>Le bureau r\u00e9gional \u00e9lu \u00e0 l\u2019unanimit\u00e9 pour un mandat de 3 ans (2018-2020) est compos\u00e9 de :<\/p>\n<ul>\n<li><strong><em>Pr\u00e9sident et r\u00e9pr\u00e9sentant titulaire au Comit\u00e9 National :<\/em> Christophe MIGUET (Lyc\u00e9e 71)<br \/>\n<\/strong><\/li>\n<li><strong><em>Vice-pr\u00e9sident et suppl\u00e9ant au Comit\u00e9 National :<\/em> Damien THOMAS (Lyc\u00e9e 71)<\/strong><\/li>\n<li><strong><em>Secr\u00e9taire :<\/em> Anne C\u00e9cile THURET (Lyc\u00e9e 21)<br \/>\n<\/strong><\/li>\n<li><strong><em>Tr\u00e9sori\u00e8re :<\/em> Dominique BERGER (Lyc\u00e9e 21)<\/strong><\/li>\n<li><strong><em>Repr\u00e9sentante titulaire au Comit\u00e9 national :<\/em> Catherine AMIOTTE SUCHET (Lyc\u00e9e 21)<\/strong><\/li>\n<li><strong><em>Responsable du site r\u00e9gional APBG :<\/em> Mary SRODA (Lyc\u00e9e 21)<br \/>\n<\/strong><\/li>\n<li><strong><em>Repr\u00e9sentante coll\u00e8ge et suppl\u00e9ante au Comit\u00e9 National :<\/em> C\u00e9line BONNARD (Coll\u00e8ge 21)<br \/>\n<\/strong><\/li>\n<li><strong><em>Membre :<\/em> C\u00e9line TISSERAND ((Lyc\u00e9e 71)<br \/>\n<\/strong><\/li>\n<\/ul>\n","protected":false},"excerpt":{"rendered":"<p>Le bureau r\u00e9gional \u00e9lu \u00e0 l\u2019unanimit\u00e9 pour un mandat de 3 ans (2018-2020) est compos\u00e9 de : Pr\u00e9sident et r\u00e9pr\u00e9sentant<\/p>\n","protected":false},"author":1,"featured_media":0,"parent":0,"menu_order":20,"comment_status":"closed","ping_status":"closed","template":"","meta":{"colormag_page_container_layout":"default_layout","colormag_page_sidebar_layout":"default_layout","footnotes":""},"class_list":["post-2","page","type-page","status-publish","hentry"],"_links":{"self":[{"href":"https:\/\/dijon.apbg.fr\/index.php\/wp-json\/wp\/v2\/pages\/2","targetHints":{"allow":["GET"]}}],"collection":[{"href":"https:\/\/dijon.apbg.fr\/index.php\/wp-json\/wp\/v2\/pages"}],"about":[{"href":"https:\/\/dijon.apbg.fr\/index.php\/wp-json\/wp\/v2\/types\/page"}],"author":[{"embeddable":true,"href":"https:\/\/dijon.apbg.fr\/index.php\/wp-json\/wp\/v2\/users\/1"}],"replies":[{"embeddable":true,"href":"https:\/\/dijon.apbg.fr\/index.php\/wp-json\/wp\/v2\/comments?post=2"}],"version-history":[{"count":0,"href":"https:\/\/dijon.apbg.fr\/index.php\/wp-json\/wp\/v2\/pages\/2\/revisions"}],"wp:attachment":[{"href":"https:\/\/dijon.apbg.fr\/index.php\/wp-json\/wp\/v2\/media?parent=2"}],"curies":[{"name":"wp","href":"https:\/\/api.w.org\/{rel}","templated":true}]}}