{"id":138,"date":"2011-12-16T13:23:31","date_gmt":"2011-12-16T13:23:31","guid":{"rendered":"http:\/\/modele-regionales.apbg.org\/?page_id=8"},"modified":"2011-12-16T13:23:31","modified_gmt":"2011-12-16T13:23:31","slug":"accueil","status":"publish","type":"page","link":"https:\/\/dijon.apbg.fr\/","title":{"rendered":"Accueil"},"content":{"rendered":"<p>La R\u00e9gionale de DIJON comprend 4 d\u00e9partements:<\/p>\n<p style=\"padding-left: 150px\"><a href=\"http:\/\/dijon.apbg.org\/files\/2012\/03\/cartesite22.gif\"><img loading=\"lazy\" decoding=\"async\" class=\"alignleft  wp-image-170\" style=\"border: 0pt none\" src=\"http:\/\/dijon.apbg.org\/files\/2012\/03\/cartesite22.gif\" alt=\"\" width=\"156\" height=\"196\" \/><\/a><\/p>\n<h1 style=\"padding-left: 360px\"><\/h1>\n<h1 style=\"padding-left: 360px\"><span style=\"color: #000000\"><strong>21- C\u00f4te-d&rsquo;Or<\/strong><\/span><br \/>\n<span style=\"color: #000000\"><strong> 58- Ni\u00e8vre<\/strong><\/span><br \/>\n<span style=\"color: #000000\"><strong> 71- Sa\u00f4ne-et-Loire<\/strong><\/span><br \/>\n<span style=\"color: #000000\"><strong> 89- Yonne<\/strong><\/span><\/h1>\n<p>&nbsp;<\/p>\n","protected":false},"excerpt":{"rendered":"<p>La R\u00e9gionale de DIJON comprend 4 d\u00e9partements: 21- C\u00f4te-d&rsquo;Or 58- Ni\u00e8vre 71- Sa\u00f4ne-et-Loire 89- Yonne &nbsp;<\/p>\n","protected":false},"author":1,"featured_media":0,"parent":0,"menu_order":0,"comment_status":"closed","ping_status":"closed","template":"","meta":{"colormag_page_container_layout":"default_layout","colormag_page_sidebar_layout":"default_layout","footnotes":""},"class_list":["post-138","page","type-page","status-publish","hentry"],"_links":{"self":[{"href":"https:\/\/dijon.apbg.fr\/index.php\/wp-json\/wp\/v2\/pages\/138","targetHints":{"allow":["GET"]}}],"collection":[{"href":"https:\/\/dijon.apbg.fr\/index.php\/wp-json\/wp\/v2\/pages"}],"about":[{"href":"https:\/\/dijon.apbg.fr\/index.php\/wp-json\/wp\/v2\/types\/page"}],"author":[{"embeddable":true,"href":"https:\/\/dijon.apbg.fr\/index.php\/wp-json\/wp\/v2\/users\/1"}],"replies":[{"embeddable":true,"href":"https:\/\/dijon.apbg.fr\/index.php\/wp-json\/wp\/v2\/comments?post=138"}],"version-history":[{"count":0,"href":"https:\/\/dijon.apbg.fr\/index.php\/wp-json\/wp\/v2\/pages\/138\/revisions"}],"wp:attachment":[{"href":"https:\/\/dijon.apbg.fr\/index.php\/wp-json\/wp\/v2\/media?parent=138"}],"curies":[{"name":"wp","href":"https:\/\/api.w.org\/{rel}","templated":true}]}}